{"id":2965,"date":"2024-11-28T16:10:02","date_gmt":"2024-11-28T16:10:02","guid":{"rendered":"https:\/\/difusoraromaterapia.com\/producto\/rosmarin-eterisk-olja-20ml-avslappning-och-dofter-hemma\/"},"modified":"2024-11-28T16:10:02","modified_gmt":"2024-11-28T16:10:02","slug":"rosmarin-eterisk-olja-20ml-avslappning-och-dofter-hemma","status":"publish","type":"product","link":"https:\/\/difusoraromaterapia.com\/sv\/rosmarin-eterisk-olja-20ml-avslappning-och-dofter-hemma\/","title":{"rendered":"Rosmarin Eterisk Olja 20ml &#8211; Avslappning och Dofter Hemma"},"content":{"rendered":"<p>Uppt\u00e4ck Rosmarin Eterisk Olja 20ml fr\u00e5n Rosmarin Oss Officin, en perfekt l\u00f6sning f\u00f6r aromaterapi hemma. Denna eteriska olja \u00e4r k\u00e4nd f\u00f6r sina upplyftande egenskaper, vilket g\u00f6r den idealisk f\u00f6r att skapa en harmonisk atmosf\u00e4r.<\/p>\n<p>Anv\u00e4nd Rosmarin Olja i din diffuser eller som spray f\u00f6r att sprida dess friska doft och njuta av en avslappnande milj\u00f6. Perfekt f\u00f6r meditation eller f\u00f6r att boosta ditt hum\u00f6r under dagen.<\/p>\n<p>\u00c4r du intresserad av att f\u00f6rb\u00e4ttra din hemdoft med denna naturn\u00e4ra produkt? Klicka p\u00e5 VER PRECIO f\u00f6r mer information och f\u00f6r att k\u00f6pa din 20ml flaska Rosmarin Eterisk Olja idag!<\/p>\n<p><a href=\"https:\/\/www.amazon.se\/dp\/B086SZ9YNT?tag=sedif-21\" target=\"_blank\" rel=\"noopener\" class=\"boton-ver-precio\">K\u00f6p i butik<\/a><\/p>\n","protected":false},"excerpt":{"rendered":"<p>Uppt\u00e4ck Rosmarin Eterisk Olja 20ml fr\u00e5n Rosmarin Oss Officin, en perfekt l\u00f6sning f\u00f6r aromaterapi hemma. Denna eteriska olja \u00e4r k\u00e4nd f\u00f6r sina upplyftande egenskaper, vilket g\u00f6r den idealisk f\u00f6r att skapa en harmonisk atmosf\u00e4r.<\/p>\n<p>Anv\u00e4nd Rosmarin Olja i din diffuser eller som spray f\u00f6r att sprida dess friska doft och njuta av en avslappnande milj\u00f6. Perfekt f\u00f6r meditation eller f\u00f6r att boosta ditt hum\u00f6r under dagen.<\/p>\n<p>\u00c4r du intresserad av att f\u00f6rb\u00e4ttra din hemdoft med denna naturn\u00e4ra produkt? Klicka p\u00e5 VER PRECIO f\u00f6r mer information och f\u00f6r att k\u00f6pa din 20ml flaska Rosmarin Eterisk Olja idag!<\/p>\n<p><a href=\"https:\/\/www.amazon.se\/dp\/B086SZ9YNT?tag=sedif-21\" target=\"_blank\" rel=\"noopener\" class=\"boton-ver-precio\">Se pris i butik<\/a><\/p>\n","protected":false},"featured_media":2783,"comment_status":"closed","ping_status":"open","template":"","meta":{"_acf_changed":false},"product_brand":[],"product_cat":[107],"product_tag":[],"class_list":{"0":"post-2965","1":"product","2":"type-product","3":"status-publish","4":"has-post-thumbnail","6":"product_cat-eteriska-oljor","7":"sales-flash-overlay","8":"woocommerce-text-align-center","9":"woocommerce-image-align-center","10":"do-quantity-buttons","12":"first","13":"instock","14":"product-type-simple"},"acf":[],"_links":{"self":[{"href":"https:\/\/difusoraromaterapia.com\/sv\/wp-json\/wp\/v2\/product\/2965","targetHints":{"allow":["GET"]}}],"collection":[{"href":"https:\/\/difusoraromaterapia.com\/sv\/wp-json\/wp\/v2\/product"}],"about":[{"href":"https:\/\/difusoraromaterapia.com\/sv\/wp-json\/wp\/v2\/types\/product"}],"replies":[{"embeddable":true,"href":"https:\/\/difusoraromaterapia.com\/sv\/wp-json\/wp\/v2\/comments?post=2965"}],"wp:featuredmedia":[{"embeddable":true,"href":"https:\/\/difusoraromaterapia.com\/sv\/wp-json\/wp\/v2\/media\/2783"}],"wp:attachment":[{"href":"https:\/\/difusoraromaterapia.com\/sv\/wp-json\/wp\/v2\/media?parent=2965"}],"wp:term":[{"taxonomy":"product_brand","embeddable":true,"href":"https:\/\/difusoraromaterapia.com\/sv\/wp-json\/wp\/v2\/product_brand?post=2965"},{"taxonomy":"product_cat","embeddable":true,"href":"https:\/\/difusoraromaterapia.com\/sv\/wp-json\/wp\/v2\/product_cat?post=2965"},{"taxonomy":"product_tag","embeddable":true,"href":"https:\/\/difusoraromaterapia.com\/sv\/wp-json\/wp\/v2\/product_tag?post=2965"}],"curies":[{"name":"wp","href":"https:\/\/api.w.org\/{rel}","templated":true}]}}