{"id":2962,"date":"2024-11-28T16:09:56","date_gmt":"2024-11-28T16:09:56","guid":{"rendered":"https:\/\/difusoraromaterapia.com\/producto\/vaaghanm-aromaterapi-diffusor-600-ml-med-8-eteriska-oljor\/"},"modified":"2024-11-28T16:09:59","modified_gmt":"2024-11-28T16:09:59","slug":"vaaghanm-aromaterapi-diffusor-600-ml-med-8-eteriska-oljor","status":"publish","type":"product","link":"https:\/\/difusoraromaterapia.com\/sv\/vaaghanm-aromaterapi-diffusor-600-ml-med-8-eteriska-oljor\/","title":{"rendered":"VAAGHANM aromaterapi diffusor 600 ml med 8 eteriska oljor"},"content":{"rendered":"<p>Uppt\u00e4ck VAAGHANM 600 ml aromaterapidiffusor, perfekt f\u00f6r att skapa en lugn och avkopplande atmosf\u00e4r i ditt hem. Med \u00e5tta utvalda eteriska oljor, erbjuder denna ultraljudsdiffusor en effektiv luftfuktning och sprider dofter som fr\u00e4mjar v\u00e4lbefinnande.<\/p>\n<p>Diffusorn har tv\u00e5 diml\u00e4gen och LED-lampor som ger en mysig st\u00e4mning. Med fyra olika timerinst\u00e4llningar \u00e4r den idealisk f\u00f6r stora rum, vilket g\u00f6r den b\u00e5de praktisk och stilren. L\u00e5t dina sinnen upplevas genom aromaterapiens underverk varje dag.<\/p>\n<p>Intresserad av att f\u00f6rb\u00e4ttra din inomhusluft och milj\u00f6? Klicka p\u00e5 knappen VER PRECIO f\u00f6r mer information och f\u00f6r att k\u00f6pa din VAAGHANM aromaterapidiffusor idag!<\/p>\n<p><a href=\"https:\/\/www.amazon.se\/dp\/B0B4NRPL24?tag=sedif-21\" target=\"_blank\" rel=\"noopener\" class=\"boton-ver-precio\">K\u00f6p i butik<\/a><\/p>\n","protected":false},"excerpt":{"rendered":"<p>Uppt\u00e4ck VAAGHANM 600 ml aromaterapidiffusor, perfekt f\u00f6r att skapa en lugn och avkopplande atmosf\u00e4r i ditt hem. Med \u00e5tta utvalda eteriska oljor, erbjuder denna ultraljudsdiffusor en effektiv luftfuktning och sprider dofter som fr\u00e4mjar v\u00e4lbefinnande.<\/p>\n<p>Diffusorn har tv\u00e5 diml\u00e4gen och LED-lampor som ger en mysig st\u00e4mning. Med fyra olika timerinst\u00e4llningar \u00e4r den idealisk f\u00f6r stora rum, vilket g\u00f6r den b\u00e5de praktisk och stilren. L\u00e5t dina sinnen upplevas genom aromaterapiens underverk varje dag.<\/p>\n<p>Intresserad av att f\u00f6rb\u00e4ttra din inomhusluft och milj\u00f6? Klicka p\u00e5 knappen VER PRECIO f\u00f6r mer information och f\u00f6r att k\u00f6pa din VAAGHANM aromaterapidiffusor idag!<\/p>\n<p><a href=\"https:\/\/www.amazon.se\/dp\/B0B4NRPL24?tag=sedif-21\" target=\"_blank\" rel=\"noopener\" class=\"boton-ver-precio\">Se pris i butik<\/a><\/p>\n","protected":false},"featured_media":2789,"comment_status":"closed","ping_status":"open","template":"","meta":{"_acf_changed":false},"product_brand":[],"product_cat":[106],"product_tag":[],"class_list":{"0":"post-2962","1":"product","2":"type-product","3":"status-publish","4":"has-post-thumbnail","6":"product_cat-elektriska","7":"sales-flash-overlay","8":"woocommerce-text-align-center","9":"woocommerce-image-align-center","10":"do-quantity-buttons","12":"first","13":"instock","14":"product-type-simple"},"acf":[],"_links":{"self":[{"href":"https:\/\/difusoraromaterapia.com\/sv\/wp-json\/wp\/v2\/product\/2962","targetHints":{"allow":["GET"]}}],"collection":[{"href":"https:\/\/difusoraromaterapia.com\/sv\/wp-json\/wp\/v2\/product"}],"about":[{"href":"https:\/\/difusoraromaterapia.com\/sv\/wp-json\/wp\/v2\/types\/product"}],"replies":[{"embeddable":true,"href":"https:\/\/difusoraromaterapia.com\/sv\/wp-json\/wp\/v2\/comments?post=2962"}],"wp:featuredmedia":[{"embeddable":true,"href":"https:\/\/difusoraromaterapia.com\/sv\/wp-json\/wp\/v2\/media\/2789"}],"wp:attachment":[{"href":"https:\/\/difusoraromaterapia.com\/sv\/wp-json\/wp\/v2\/media?parent=2962"}],"wp:term":[{"taxonomy":"product_brand","embeddable":true,"href":"https:\/\/difusoraromaterapia.com\/sv\/wp-json\/wp\/v2\/product_brand?post=2962"},{"taxonomy":"product_cat","embeddable":true,"href":"https:\/\/difusoraromaterapia.com\/sv\/wp-json\/wp\/v2\/product_cat?post=2962"},{"taxonomy":"product_tag","embeddable":true,"href":"https:\/\/difusoraromaterapia.com\/sv\/wp-json\/wp\/v2\/product_tag?post=2962"}],"curies":[{"name":"wp","href":"https:\/\/api.w.org\/{rel}","templated":true}]}}