{"id":2961,"date":"2024-11-28T16:09:56","date_gmt":"2024-11-28T16:09:56","guid":{"rendered":"https:\/\/difusoraromaterapia.com\/producto\/salubrito-100-ml-aroma-diffuser-for-eteriska-oljor-vit-tra\/"},"modified":"2024-11-28T16:09:59","modified_gmt":"2024-11-28T16:09:59","slug":"salubrito-100-ml-aroma-diffuser-for-eteriska-oljor-vit-tra","status":"publish","type":"product","link":"https:\/\/difusoraromaterapia.com\/sv\/salubrito-100-ml-aroma-diffuser-for-eteriska-oljor-vit-tra\/","title":{"rendered":"SALUBRITO 100 ml Aroma Diffuser f\u00f6r Eteriska Oljor, Vit Tr\u00e4"},"content":{"rendered":"<p>Upplev f\u00f6rdelarna med SALUBRITO Aroma diffuser. Denna 100 ml ultraljudsdiffusor skapar en harmonisk atmosf\u00e4r med eteriska oljor i ditt hem, kontor eller under yogapass. Med sitt eleganta vita tr\u00e4korn ger den b\u00e5de stil och funktion.<\/p>\n<p>Den kompakta designen g\u00f6r den perfekt f\u00f6r mindre utrymmen, och luftfuktaren bidrar till en friskare inomhusmilj\u00f6. Njut av en lugnande doft som fr\u00e4mjar avkoppling och balans. SALUBRITO \u00e4r din f\u00f6ljeslagare f\u00f6r aromaterapi.<\/p>\n<p>\u00c4r du intresserad av att f\u00f6rb\u00e4ttra din livskvalitet? Tryck p\u00e5 knappen VER PRECIO f\u00f6r mer information och f\u00f6r att k\u00f6pa din SALUBRITO Aroma diffuser idag!<\/p>\n<p><a href=\"https:\/\/www.amazon.se\/dp\/B0CT4SFDG7?tag=sedif-21\" target=\"_blank\" rel=\"noopener\" class=\"boton-ver-precio\">K\u00f6p i butik<\/a><\/p>\n","protected":false},"excerpt":{"rendered":"<p>Upplev f\u00f6rdelarna med SALUBRITO Aroma diffuser. Denna 100 ml ultraljudsdiffusor skapar en harmonisk atmosf\u00e4r med eteriska oljor i ditt hem, kontor eller under yogapass. Med sitt eleganta vita tr\u00e4korn ger den b\u00e5de stil och funktion.<\/p>\n<p>Den kompakta designen g\u00f6r den perfekt f\u00f6r mindre utrymmen, och luftfuktaren bidrar till en friskare inomhusmilj\u00f6. Njut av en lugnande doft som fr\u00e4mjar avkoppling och balans. SALUBRITO \u00e4r din f\u00f6ljeslagare f\u00f6r aromaterapi.<\/p>\n<p>\u00c4r du intresserad av att f\u00f6rb\u00e4ttra din livskvalitet? Tryck p\u00e5 knappen VER PRECIO f\u00f6r mer information och f\u00f6r att k\u00f6pa din SALUBRITO Aroma diffuser idag!<\/p>\n<p><a href=\"https:\/\/www.amazon.se\/dp\/B0CT4SFDG7?tag=sedif-21\" target=\"_blank\" rel=\"noopener\" class=\"boton-ver-precio\">Se pris i butik<\/a><\/p>\n","protected":false},"featured_media":2791,"comment_status":"closed","ping_status":"open","template":"","meta":{"_acf_changed":false},"product_brand":[],"product_cat":[106],"product_tag":[],"class_list":{"0":"post-2961","1":"product","2":"type-product","3":"status-publish","4":"has-post-thumbnail","6":"product_cat-elektriska","7":"sales-flash-overlay","8":"woocommerce-text-align-center","9":"woocommerce-image-align-center","10":"do-quantity-buttons","12":"first","13":"instock","14":"product-type-simple"},"acf":[],"_links":{"self":[{"href":"https:\/\/difusoraromaterapia.com\/sv\/wp-json\/wp\/v2\/product\/2961","targetHints":{"allow":["GET"]}}],"collection":[{"href":"https:\/\/difusoraromaterapia.com\/sv\/wp-json\/wp\/v2\/product"}],"about":[{"href":"https:\/\/difusoraromaterapia.com\/sv\/wp-json\/wp\/v2\/types\/product"}],"replies":[{"embeddable":true,"href":"https:\/\/difusoraromaterapia.com\/sv\/wp-json\/wp\/v2\/comments?post=2961"}],"wp:featuredmedia":[{"embeddable":true,"href":"https:\/\/difusoraromaterapia.com\/sv\/wp-json\/wp\/v2\/media\/2791"}],"wp:attachment":[{"href":"https:\/\/difusoraromaterapia.com\/sv\/wp-json\/wp\/v2\/media?parent=2961"}],"wp:term":[{"taxonomy":"product_brand","embeddable":true,"href":"https:\/\/difusoraromaterapia.com\/sv\/wp-json\/wp\/v2\/product_brand?post=2961"},{"taxonomy":"product_cat","embeddable":true,"href":"https:\/\/difusoraromaterapia.com\/sv\/wp-json\/wp\/v2\/product_cat?post=2961"},{"taxonomy":"product_tag","embeddable":true,"href":"https:\/\/difusoraromaterapia.com\/sv\/wp-json\/wp\/v2\/product_tag?post=2961"}],"curies":[{"name":"wp","href":"https:\/\/api.w.org\/{rel}","templated":true}]}}