{"id":2957,"date":"2024-11-28T16:09:56","date_gmt":"2024-11-28T16:09:56","guid":{"rendered":"https:\/\/difusoraromaterapia.com\/producto\/500-ml-eterisk-oljediffusor-svart-med-7-farger-och-4-timer\/"},"modified":"2024-11-28T16:09:58","modified_gmt":"2024-11-28T16:09:58","slug":"500-ml-eterisk-oljediffusor-svart-med-7-farger-och-4-timer","status":"publish","type":"product","link":"https:\/\/difusoraromaterapia.com\/sv\/500-ml-eterisk-oljediffusor-svart-med-7-farger-och-4-timer\/","title":{"rendered":"500 ml eterisk oljediffusor Svart med 7 f\u00e4rger och 4 timer"},"content":{"rendered":"<p>Upplev lugn och avkoppling med v\u00e5r 500 ml eterisk oljediffusor fr\u00e5n [M\u00e4rke]. Denna ultraljud diffusor skapar en harmonisk atmosf\u00e4r hemma med sina 7 f\u00e4rgs LED-lampor och tv\u00e5 sprayl\u00e4gen. Perfekt f\u00f6r aromaterapi, och den passar alla rum.<\/p>\n<p>V\u00e4lj mellan 4 olika timerinst\u00e4llningar f\u00f6r att njuta av dina favoritdofter l\u00e4ngre. Med automatisk avst\u00e4ngningsfunktion kan du vara trygg med att den sl\u00e4cks n\u00e4r vattnet tar slut, vilket g\u00f6r den b\u00e5de s\u00e4ker och praktisk.<\/p>\n<p>G\u00f6r ditt hem till en oas av v\u00e4lbefinnande med detta stilrena svarta design. Om du \u00e4r intresserad, klicka p\u00e5 knappen VER PRECIO f\u00f6r mer information och f\u00f6r att k\u00f6pa din nya aromaterapidiffusor idag!<\/p>\n<p><a href=\"https:\/\/www.amazon.se\/dp\/B0CSYXC86M?tag=sedif-21\" target=\"_blank\" rel=\"noopener\" class=\"boton-ver-precio\">K\u00f6p i butik<\/a><\/p>\n","protected":false},"excerpt":{"rendered":"<p>Upplev lugn och avkoppling med v\u00e5r 500 ml eterisk oljediffusor fr\u00e5n [M\u00e4rke]. Denna ultraljud diffusor skapar en harmonisk atmosf\u00e4r hemma med sina 7 f\u00e4rgs LED-lampor och tv\u00e5 sprayl\u00e4gen. Perfekt f\u00f6r aromaterapi, och den passar alla rum.<\/p>\n<p>V\u00e4lj mellan 4 olika timerinst\u00e4llningar f\u00f6r att njuta av dina favoritdofter l\u00e4ngre. Med automatisk avst\u00e4ngningsfunktion kan du vara trygg med att den sl\u00e4cks n\u00e4r vattnet tar slut, vilket g\u00f6r den b\u00e5de s\u00e4ker och praktisk.<\/p>\n<p>G\u00f6r ditt hem till en oas av v\u00e4lbefinnande med detta stilrena svarta design. Om du \u00e4r intresserad, klicka p\u00e5 knappen VER PRECIO f\u00f6r mer information och f\u00f6r att k\u00f6pa din nya aromaterapidiffusor idag!<\/p>\n<p><a href=\"https:\/\/www.amazon.se\/dp\/B0CSYXC86M?tag=sedif-21\" target=\"_blank\" rel=\"noopener\" class=\"boton-ver-precio\">Se pris i butik<\/a><\/p>\n","protected":false},"featured_media":2799,"comment_status":"closed","ping_status":"open","template":"","meta":{"_acf_changed":false},"product_brand":[],"product_cat":[106],"product_tag":[],"class_list":{"0":"post-2957","1":"product","2":"type-product","3":"status-publish","4":"has-post-thumbnail","6":"product_cat-elektriska","7":"sales-flash-overlay","8":"woocommerce-text-align-center","9":"woocommerce-image-align-center","10":"do-quantity-buttons","12":"first","13":"instock","14":"product-type-simple"},"acf":[],"_links":{"self":[{"href":"https:\/\/difusoraromaterapia.com\/sv\/wp-json\/wp\/v2\/product\/2957","targetHints":{"allow":["GET"]}}],"collection":[{"href":"https:\/\/difusoraromaterapia.com\/sv\/wp-json\/wp\/v2\/product"}],"about":[{"href":"https:\/\/difusoraromaterapia.com\/sv\/wp-json\/wp\/v2\/types\/product"}],"replies":[{"embeddable":true,"href":"https:\/\/difusoraromaterapia.com\/sv\/wp-json\/wp\/v2\/comments?post=2957"}],"wp:featuredmedia":[{"embeddable":true,"href":"https:\/\/difusoraromaterapia.com\/sv\/wp-json\/wp\/v2\/media\/2799"}],"wp:attachment":[{"href":"https:\/\/difusoraromaterapia.com\/sv\/wp-json\/wp\/v2\/media?parent=2957"}],"wp:term":[{"taxonomy":"product_brand","embeddable":true,"href":"https:\/\/difusoraromaterapia.com\/sv\/wp-json\/wp\/v2\/product_brand?post=2957"},{"taxonomy":"product_cat","embeddable":true,"href":"https:\/\/difusoraromaterapia.com\/sv\/wp-json\/wp\/v2\/product_cat?post=2957"},{"taxonomy":"product_tag","embeddable":true,"href":"https:\/\/difusoraromaterapia.com\/sv\/wp-json\/wp\/v2\/product_tag?post=2957"}],"curies":[{"name":"wp","href":"https:\/\/api.w.org\/{rel}","templated":true}]}}