{"id":2956,"date":"2024-11-28T16:09:56","date_gmt":"2024-11-28T16:09:56","guid":{"rendered":"https:\/\/difusoraromaterapia.com\/producto\/earnest-living-150ml-diffusor-for-eterisk-olja-med-usb\/"},"modified":"2024-11-28T16:09:58","modified_gmt":"2024-11-28T16:09:58","slug":"earnest-living-150ml-diffusor-for-eterisk-olja-med-usb","status":"publish","type":"product","link":"https:\/\/difusoraromaterapia.com\/sv\/earnest-living-150ml-diffusor-for-eterisk-olja-med-usb\/","title":{"rendered":"Earnest Living 150ml diffusor f\u00f6r eterisk olja med USB"},"content":{"rendered":"<p>Uppt\u00e4ck Earnest Living 150ml eterisk olja diffusor, perfekta f\u00f6r aromaterapi i ditt hem. Den eleganta vit f\u00e4rgskiftande designen skapar en lugn atmosf\u00e4r och \u00e4r idealisk f\u00f6r avkoppling eller meditation. <\/p>\n<p>Denna plast diffusor levereras med en USB-kabel som g\u00f6r den l\u00e4tt att anv\u00e4nda var som helst. Fyll ditt utrymme med v\u00e4ldoftande eteriska oljor och njut av en f\u00f6rb\u00e4ttrad inomhusluft.<\/p>\n<p>\u00c4r du intresserad av att f\u00f6rvandla ditt hem med aromaterapi? Klicka p\u00e5 knappen VER PRECIO f\u00f6r mer information och f\u00f6r att g\u00f6ra ditt k\u00f6p!<\/p>\n<p><a href=\"https:\/\/www.amazon.se\/dp\/B0BZ88DXN1?tag=sedif-21\" target=\"_blank\" rel=\"noopener\" class=\"boton-ver-precio\">K\u00f6p i butik<\/a><\/p>\n","protected":false},"excerpt":{"rendered":"<p>Uppt\u00e4ck Earnest Living 150ml eterisk olja diffusor, perfekta f\u00f6r aromaterapi i ditt hem. Den eleganta vit f\u00e4rgskiftande designen skapar en lugn atmosf\u00e4r och \u00e4r idealisk f\u00f6r avkoppling eller meditation. <\/p>\n<p>Denna plast diffusor levereras med en USB-kabel som g\u00f6r den l\u00e4tt att anv\u00e4nda var som helst. Fyll ditt utrymme med v\u00e4ldoftande eteriska oljor och njut av en f\u00f6rb\u00e4ttrad inomhusluft.<\/p>\n<p>\u00c4r du intresserad av att f\u00f6rvandla ditt hem med aromaterapi? Klicka p\u00e5 knappen VER PRECIO f\u00f6r mer information och f\u00f6r att g\u00f6ra ditt k\u00f6p!<\/p>\n<p><a href=\"https:\/\/www.amazon.se\/dp\/B0BZ88DXN1?tag=sedif-21\" target=\"_blank\" rel=\"noopener\" class=\"boton-ver-precio\">Se pris i butik<\/a><\/p>\n","protected":false},"featured_media":1994,"comment_status":"closed","ping_status":"open","template":"","meta":{"_acf_changed":false},"product_brand":[],"product_cat":[106],"product_tag":[],"class_list":{"0":"post-2956","1":"product","2":"type-product","3":"status-publish","4":"has-post-thumbnail","6":"product_cat-elektriska","7":"sales-flash-overlay","8":"woocommerce-text-align-center","9":"woocommerce-image-align-center","10":"do-quantity-buttons","12":"first","13":"instock","14":"product-type-simple"},"acf":[],"_links":{"self":[{"href":"https:\/\/difusoraromaterapia.com\/sv\/wp-json\/wp\/v2\/product\/2956","targetHints":{"allow":["GET"]}}],"collection":[{"href":"https:\/\/difusoraromaterapia.com\/sv\/wp-json\/wp\/v2\/product"}],"about":[{"href":"https:\/\/difusoraromaterapia.com\/sv\/wp-json\/wp\/v2\/types\/product"}],"replies":[{"embeddable":true,"href":"https:\/\/difusoraromaterapia.com\/sv\/wp-json\/wp\/v2\/comments?post=2956"}],"wp:featuredmedia":[{"embeddable":true,"href":"https:\/\/difusoraromaterapia.com\/sv\/wp-json\/wp\/v2\/media\/1994"}],"wp:attachment":[{"href":"https:\/\/difusoraromaterapia.com\/sv\/wp-json\/wp\/v2\/media?parent=2956"}],"wp:term":[{"taxonomy":"product_brand","embeddable":true,"href":"https:\/\/difusoraromaterapia.com\/sv\/wp-json\/wp\/v2\/product_brand?post=2956"},{"taxonomy":"product_cat","embeddable":true,"href":"https:\/\/difusoraromaterapia.com\/sv\/wp-json\/wp\/v2\/product_cat?post=2956"},{"taxonomy":"product_tag","embeddable":true,"href":"https:\/\/difusoraromaterapia.com\/sv\/wp-json\/wp\/v2\/product_tag?post=2956"}],"curies":[{"name":"wp","href":"https:\/\/api.w.org\/{rel}","templated":true}]}}