{"id":2955,"date":"2024-11-28T16:09:56","date_gmt":"2024-11-28T16:09:56","guid":{"rendered":"https:\/\/difusoraromaterapia.com\/producto\/tiffbox-keramisk-diffusor-100-ml-med-led-och-automatisk-avstangning\/"},"modified":"2024-11-28T16:09:58","modified_gmt":"2024-11-28T16:09:58","slug":"tiffbox-keramisk-diffusor-100-ml-med-led-och-automatisk-avstangning","status":"publish","type":"product","link":"https:\/\/difusoraromaterapia.com\/sv\/tiffbox-keramisk-diffusor-100-ml-med-led-och-automatisk-avstangning\/","title":{"rendered":"TiffBox Keramisk diffusor 100 ml med LED och automatisk avst\u00e4ngning"},"content":{"rendered":"<p>Uppt\u00e4ck TiffBox keramisk diffusor f\u00f6r eteriska oljor, en handgjord ultraljudsluftfuktare med 100 ml kapacitet. Skapa en avkopplande atmosf\u00e4r hemma eller p\u00e5 kontoret med denna stilrena diffusor, som \u00e4ven fungerar som luftfuktare.<\/p>\n<p>Den automatiska avst\u00e4ngningen och fyra tidsinst\u00e4llningarna ger dig full kontroll \u00f6ver anv\u00e4ndningen, vilket g\u00f6r den idealisk f\u00f6r b\u00e5de dagliga och nattliga rutiner. Med 7 f\u00e4rgskiftande LED-lampor kan du enkelt anpassa st\u00e4mningen efter ditt hum\u00f6r.<\/p>\n<p>\u00c4r du intresserad av att f\u00f6rb\u00e4ttra ditt hem eller kontor med TiffBox diffusorn? Tryck p\u00e5 knappen VER PRECIO f\u00f6r mer information och en smidig best\u00e4llning!<\/p>\n<p><a href=\"https:\/\/www.amazon.se\/dp\/B09B4QMMJ6?tag=sedif-21\" target=\"_blank\" rel=\"noopener\" class=\"boton-ver-precio\">K\u00f6p i butik<\/a><\/p>\n","protected":false},"excerpt":{"rendered":"<p>Uppt\u00e4ck TiffBox keramisk diffusor f\u00f6r eteriska oljor, en handgjord ultraljudsluftfuktare med 100 ml kapacitet. Skapa en avkopplande atmosf\u00e4r hemma eller p\u00e5 kontoret med denna stilrena diffusor, som \u00e4ven fungerar som luftfuktare.<\/p>\n<p>Den automatiska avst\u00e4ngningen och fyra tidsinst\u00e4llningarna ger dig full kontroll \u00f6ver anv\u00e4ndningen, vilket g\u00f6r den idealisk f\u00f6r b\u00e5de dagliga och nattliga rutiner. Med 7 f\u00e4rgskiftande LED-lampor kan du enkelt anpassa st\u00e4mningen efter ditt hum\u00f6r.<\/p>\n<p>\u00c4r du intresserad av att f\u00f6rb\u00e4ttra ditt hem eller kontor med TiffBox diffusorn? Tryck p\u00e5 knappen VER PRECIO f\u00f6r mer information och en smidig best\u00e4llning!<\/p>\n<p><a href=\"https:\/\/www.amazon.se\/dp\/B09B4QMMJ6?tag=sedif-21\" target=\"_blank\" rel=\"noopener\" class=\"boton-ver-precio\">Se pris i butik<\/a><\/p>\n","protected":false},"featured_media":2803,"comment_status":"closed","ping_status":"open","template":"","meta":{"_acf_changed":false},"product_brand":[],"product_cat":[106],"product_tag":[],"class_list":{"0":"post-2955","1":"product","2":"type-product","3":"status-publish","4":"has-post-thumbnail","6":"product_cat-elektriska","7":"sales-flash-overlay","8":"woocommerce-text-align-center","9":"woocommerce-image-align-center","10":"do-quantity-buttons","12":"first","13":"instock","14":"product-type-simple"},"acf":[],"_links":{"self":[{"href":"https:\/\/difusoraromaterapia.com\/sv\/wp-json\/wp\/v2\/product\/2955","targetHints":{"allow":["GET"]}}],"collection":[{"href":"https:\/\/difusoraromaterapia.com\/sv\/wp-json\/wp\/v2\/product"}],"about":[{"href":"https:\/\/difusoraromaterapia.com\/sv\/wp-json\/wp\/v2\/types\/product"}],"replies":[{"embeddable":true,"href":"https:\/\/difusoraromaterapia.com\/sv\/wp-json\/wp\/v2\/comments?post=2955"}],"wp:featuredmedia":[{"embeddable":true,"href":"https:\/\/difusoraromaterapia.com\/sv\/wp-json\/wp\/v2\/media\/2803"}],"wp:attachment":[{"href":"https:\/\/difusoraromaterapia.com\/sv\/wp-json\/wp\/v2\/media?parent=2955"}],"wp:term":[{"taxonomy":"product_brand","embeddable":true,"href":"https:\/\/difusoraromaterapia.com\/sv\/wp-json\/wp\/v2\/product_brand?post=2955"},{"taxonomy":"product_cat","embeddable":true,"href":"https:\/\/difusoraromaterapia.com\/sv\/wp-json\/wp\/v2\/product_cat?post=2955"},{"taxonomy":"product_tag","embeddable":true,"href":"https:\/\/difusoraromaterapia.com\/sv\/wp-json\/wp\/v2\/product_tag?post=2955"}],"curies":[{"name":"wp","href":"https:\/\/api.w.org\/{rel}","templated":true}]}}