{"id":2954,"date":"2024-11-28T16:09:56","date_gmt":"2024-11-28T16:09:56","guid":{"rendered":"https:\/\/difusoraromaterapia.com\/producto\/waldwerk-diffuser-100-ml-av-akaciatra-for-aromaterapi\/"},"modified":"2024-11-28T16:09:58","modified_gmt":"2024-11-28T16:09:58","slug":"waldwerk-diffuser-100-ml-av-akaciatra-for-aromaterapi","status":"publish","type":"product","link":"https:\/\/difusoraromaterapia.com\/sv\/waldwerk-diffuser-100-ml-av-akaciatra-for-aromaterapi\/","title":{"rendered":"WALDWERK diffuser 100 ml av akaciatr\u00e4 f\u00f6r aromaterapi"},"content":{"rendered":"<p>Upplev f\u00f6rdelarna med WALDWERK diffuser (100 ml) av \u00e4delt akaciatr\u00e4. Denna eleganta aromdiffusor skapar ett behagligt inomhusklimat och sprider herefterna av dina favoriteteriska oljor f\u00f6r en avkopplande atmosf\u00e4r.<\/p>\n<p>Med sin stilrena design fungerar WALDWERK b\u00e5de som doftlampa f\u00f6r aromaterapi och luftfuktare, vilket g\u00f6r den till ett m\u00e5ste f\u00f6r varje hem. Perfekt f\u00f6r att lindra stress och f\u00f6rb\u00e4ttra din trivsel inomhus.<\/p>\n<p>\u00c4r du intresserad av att f\u00f6rb\u00e4ttra ditt inomhusklimat? Klicka p\u00e5 knappen VER PRIS f\u00f6r mer information och f\u00f6r att k\u00f6pa din egen WALDWERK diffuser idag!<\/p>\n<p><a href=\"https:\/\/www.amazon.se\/dp\/B0D7CHWXXN?tag=sedif-21\" target=\"_blank\" rel=\"noopener\" class=\"boton-ver-precio\">K\u00f6p i butik<\/a><\/p>\n","protected":false},"excerpt":{"rendered":"<p>Upplev f\u00f6rdelarna med WALDWERK diffuser (100 ml) av \u00e4delt akaciatr\u00e4. Denna eleganta aromdiffusor skapar ett behagligt inomhusklimat och sprider herefterna av dina favoriteteriska oljor f\u00f6r en avkopplande atmosf\u00e4r.<\/p>\n<p>Med sin stilrena design fungerar WALDWERK b\u00e5de som doftlampa f\u00f6r aromaterapi och luftfuktare, vilket g\u00f6r den till ett m\u00e5ste f\u00f6r varje hem. Perfekt f\u00f6r att lindra stress och f\u00f6rb\u00e4ttra din trivsel inomhus.<\/p>\n<p>\u00c4r du intresserad av att f\u00f6rb\u00e4ttra ditt inomhusklimat? Klicka p\u00e5 knappen VER PRIS f\u00f6r mer information och f\u00f6r att k\u00f6pa din egen WALDWERK diffuser idag!<\/p>\n<p><a href=\"https:\/\/www.amazon.se\/dp\/B0D7CHWXXN?tag=sedif-21\" target=\"_blank\" rel=\"noopener\" class=\"boton-ver-precio\">Se pris i butik<\/a><\/p>\n","protected":false},"featured_media":2805,"comment_status":"closed","ping_status":"open","template":"","meta":{"_acf_changed":false},"product_brand":[],"product_cat":[106],"product_tag":[],"class_list":{"0":"post-2954","1":"product","2":"type-product","3":"status-publish","4":"has-post-thumbnail","6":"product_cat-elektriska","7":"sales-flash-overlay","8":"woocommerce-text-align-center","9":"woocommerce-image-align-center","10":"do-quantity-buttons","12":"first","13":"instock","14":"product-type-simple"},"acf":[],"_links":{"self":[{"href":"https:\/\/difusoraromaterapia.com\/sv\/wp-json\/wp\/v2\/product\/2954","targetHints":{"allow":["GET"]}}],"collection":[{"href":"https:\/\/difusoraromaterapia.com\/sv\/wp-json\/wp\/v2\/product"}],"about":[{"href":"https:\/\/difusoraromaterapia.com\/sv\/wp-json\/wp\/v2\/types\/product"}],"replies":[{"embeddable":true,"href":"https:\/\/difusoraromaterapia.com\/sv\/wp-json\/wp\/v2\/comments?post=2954"}],"wp:featuredmedia":[{"embeddable":true,"href":"https:\/\/difusoraromaterapia.com\/sv\/wp-json\/wp\/v2\/media\/2805"}],"wp:attachment":[{"href":"https:\/\/difusoraromaterapia.com\/sv\/wp-json\/wp\/v2\/media?parent=2954"}],"wp:term":[{"taxonomy":"product_brand","embeddable":true,"href":"https:\/\/difusoraromaterapia.com\/sv\/wp-json\/wp\/v2\/product_brand?post=2954"},{"taxonomy":"product_cat","embeddable":true,"href":"https:\/\/difusoraromaterapia.com\/sv\/wp-json\/wp\/v2\/product_cat?post=2954"},{"taxonomy":"product_tag","embeddable":true,"href":"https:\/\/difusoraromaterapia.com\/sv\/wp-json\/wp\/v2\/product_tag?post=2954"}],"curies":[{"name":"wp","href":"https:\/\/api.w.org\/{rel}","templated":true}]}}