{"id":2952,"date":"2024-11-28T16:09:56","date_gmt":"2024-11-28T16:09:56","guid":{"rendered":"https:\/\/difusoraromaterapia.com\/producto\/gran-needle-essential-oil-20ml-100-ren-for-aromaterapi\/"},"modified":"2024-11-28T16:09:57","modified_gmt":"2024-11-28T16:09:57","slug":"gran-needle-essential-oil-20ml-100-ren-for-aromaterapi","status":"publish","type":"product","link":"https:\/\/difusoraromaterapia.com\/sv\/gran-needle-essential-oil-20ml-100-ren-for-aromaterapi\/","title":{"rendered":"Gran Needle Essential Oil 20ml &#8211; 100% Ren f\u00f6r Aromaterapi"},"content":{"rendered":"<p>Uppt\u00e4ck Gran Needle Essential Oil fr\u00e5n ett av v\u00e5ra mest \u00e4lskade varum\u00e4rken! Denna 100% rena och naturliga eteriska olja, i praktisk 20ml flaska, \u00e4r perfekt f\u00f6r aromaterapi, massage och att skapa en lugn atmosf\u00e4r hemma. <\/p>\n<p>Idealisk f\u00f6r anv\u00e4ndning i vassspridare, aromalampor, eller inhalatorer ger den en fr\u00e4sch och avkopplande doft som hj\u00e4lper till att lindra stress och \u00f6ka v\u00e4lbefinnandet. Anv\u00e4nd den ocks\u00e5 f\u00f6r att g\u00f6ra doftoljor eller ljus!<\/p>\n<p>\u00c4r du intresserad av att f\u00f6rb\u00e4ttra din upplevelse av aromaterapi? Tryck p\u00e5 knappen VER PRECIO f\u00f6r mer information och k\u00f6p din Gran Needle Essential Oil idag!<\/p>\n<p><a href=\"https:\/\/www.amazon.se\/dp\/B0771PXXN5?tag=sedif-21\" target=\"_blank\" rel=\"noopener\" class=\"boton-ver-precio\">K\u00f6p i butik<\/a><\/p>\n","protected":false},"excerpt":{"rendered":"<p>Uppt\u00e4ck Gran Needle Essential Oil fr\u00e5n ett av v\u00e5ra mest \u00e4lskade varum\u00e4rken! Denna 100% rena och naturliga eteriska olja, i praktisk 20ml flaska, \u00e4r perfekt f\u00f6r aromaterapi, massage och att skapa en lugn atmosf\u00e4r hemma. <\/p>\n<p>Idealisk f\u00f6r anv\u00e4ndning i vassspridare, aromalampor, eller inhalatorer ger den en fr\u00e4sch och avkopplande doft som hj\u00e4lper till att lindra stress och \u00f6ka v\u00e4lbefinnandet. Anv\u00e4nd den ocks\u00e5 f\u00f6r att g\u00f6ra doftoljor eller ljus!<\/p>\n<p>\u00c4r du intresserad av att f\u00f6rb\u00e4ttra din upplevelse av aromaterapi? Tryck p\u00e5 knappen VER PRECIO f\u00f6r mer information och k\u00f6p din Gran Needle Essential Oil idag!<\/p>\n<p><a href=\"https:\/\/www.amazon.se\/dp\/B0771PXXN5?tag=sedif-21\" target=\"_blank\" rel=\"noopener\" class=\"boton-ver-precio\">Se pris i butik<\/a><\/p>\n","protected":false},"featured_media":2809,"comment_status":"closed","ping_status":"open","template":"","meta":{"_acf_changed":false},"product_brand":[],"product_cat":[107],"product_tag":[],"class_list":{"0":"post-2952","1":"product","2":"type-product","3":"status-publish","4":"has-post-thumbnail","6":"product_cat-eteriska-oljor","7":"sales-flash-overlay","8":"woocommerce-text-align-center","9":"woocommerce-image-align-center","10":"do-quantity-buttons","12":"first","13":"instock","14":"product-type-simple"},"acf":[],"_links":{"self":[{"href":"https:\/\/difusoraromaterapia.com\/sv\/wp-json\/wp\/v2\/product\/2952","targetHints":{"allow":["GET"]}}],"collection":[{"href":"https:\/\/difusoraromaterapia.com\/sv\/wp-json\/wp\/v2\/product"}],"about":[{"href":"https:\/\/difusoraromaterapia.com\/sv\/wp-json\/wp\/v2\/types\/product"}],"replies":[{"embeddable":true,"href":"https:\/\/difusoraromaterapia.com\/sv\/wp-json\/wp\/v2\/comments?post=2952"}],"wp:featuredmedia":[{"embeddable":true,"href":"https:\/\/difusoraromaterapia.com\/sv\/wp-json\/wp\/v2\/media\/2809"}],"wp:attachment":[{"href":"https:\/\/difusoraromaterapia.com\/sv\/wp-json\/wp\/v2\/media?parent=2952"}],"wp:term":[{"taxonomy":"product_brand","embeddable":true,"href":"https:\/\/difusoraromaterapia.com\/sv\/wp-json\/wp\/v2\/product_brand?post=2952"},{"taxonomy":"product_cat","embeddable":true,"href":"https:\/\/difusoraromaterapia.com\/sv\/wp-json\/wp\/v2\/product_cat?post=2952"},{"taxonomy":"product_tag","embeddable":true,"href":"https:\/\/difusoraromaterapia.com\/sv\/wp-json\/wp\/v2\/product_tag?post=2952"}],"curies":[{"name":"wp","href":"https:\/\/api.w.org\/{rel}","templated":true}]}}