{"id":2951,"date":"2024-11-28T16:09:56","date_gmt":"2024-11-28T16:09:56","guid":{"rendered":"https:\/\/difusoraromaterapia.com\/producto\/earnest-living-vit-diffusor-for-eteriska-oljor-100-ml\/"},"modified":"2024-11-28T16:09:57","modified_gmt":"2024-11-28T16:09:57","slug":"earnest-living-vit-diffusor-for-eteriska-oljor-100-ml","status":"publish","type":"product","link":"https:\/\/difusoraromaterapia.com\/sv\/earnest-living-vit-diffusor-for-eteriska-oljor-100-ml\/","title":{"rendered":"Earnest Living vit diffusor f\u00f6r eteriska oljor 100 ml"},"content":{"rendered":"<p>Upplev en harmonisk atmosf\u00e4r med Earnest Living diffuser f\u00f6r eteriska oljor. Den vita keramiska designen passar perfekt in i ditt hem och sprider en lugnande doft med sina 100 ml kapacitet. Med automatisk avst\u00e4ngning \u00e4r den b\u00e5de s\u00e4ker och bekv\u00e4m att anv\u00e4nda.<\/p>\n<p>Den elektriska aromdiffusorn \u00e4r idealisk f\u00f6r att skapa en relaxerande milj\u00f6, oavsett om det handlar om meditationsstunder eller avkoppling efter en l\u00e5ng dag. Njut av f\u00f6rdelarna med eteriska oljor samtidigt som du f\u00f6rsk\u00f6nar ditt rum.<\/p>\n<p>Ge bort en unik g\u00e5va eller unna dig sj\u00e4lv detta praktiska och stiliga tillbeh\u00f6r. Om du \u00e4r intresserad, tryck p\u00e5 knappen VER PRECIO f\u00f6r mer information och f\u00f6r att k\u00f6pa din egen Earnest Living diffuser.<\/p>\n<p><a href=\"https:\/\/www.amazon.se\/dp\/B09R9BQF32?tag=sedif-21\" target=\"_blank\" rel=\"noopener\" class=\"boton-ver-precio\">K\u00f6p i butik<\/a><\/p>\n","protected":false},"excerpt":{"rendered":"<p>Upplev en harmonisk atmosf\u00e4r med Earnest Living diffuser f\u00f6r eteriska oljor. Den vita keramiska designen passar perfekt in i ditt hem och sprider en lugnande doft med sina 100 ml kapacitet. Med automatisk avst\u00e4ngning \u00e4r den b\u00e5de s\u00e4ker och bekv\u00e4m att anv\u00e4nda.<\/p>\n<p>Den elektriska aromdiffusorn \u00e4r idealisk f\u00f6r att skapa en relaxerande milj\u00f6, oavsett om det handlar om meditationsstunder eller avkoppling efter en l\u00e5ng dag. Njut av f\u00f6rdelarna med eteriska oljor samtidigt som du f\u00f6rsk\u00f6nar ditt rum.<\/p>\n<p>Ge bort en unik g\u00e5va eller unna dig sj\u00e4lv detta praktiska och stiliga tillbeh\u00f6r. Om du \u00e4r intresserad, tryck p\u00e5 knappen VER PRECIO f\u00f6r mer information och f\u00f6r att k\u00f6pa din egen Earnest Living diffuser.<\/p>\n<p><a href=\"https:\/\/www.amazon.se\/dp\/B09R9BQF32?tag=sedif-21\" target=\"_blank\" rel=\"noopener\" class=\"boton-ver-precio\">Se pris i butik<\/a><\/p>\n","protected":false},"featured_media":2811,"comment_status":"closed","ping_status":"open","template":"","meta":{"_acf_changed":false},"product_brand":[],"product_cat":[106],"product_tag":[],"class_list":{"0":"post-2951","1":"product","2":"type-product","3":"status-publish","4":"has-post-thumbnail","6":"product_cat-elektriska","7":"sales-flash-overlay","8":"woocommerce-text-align-center","9":"woocommerce-image-align-center","10":"do-quantity-buttons","12":"first","13":"instock","14":"product-type-simple"},"acf":[],"_links":{"self":[{"href":"https:\/\/difusoraromaterapia.com\/sv\/wp-json\/wp\/v2\/product\/2951","targetHints":{"allow":["GET"]}}],"collection":[{"href":"https:\/\/difusoraromaterapia.com\/sv\/wp-json\/wp\/v2\/product"}],"about":[{"href":"https:\/\/difusoraromaterapia.com\/sv\/wp-json\/wp\/v2\/types\/product"}],"replies":[{"embeddable":true,"href":"https:\/\/difusoraromaterapia.com\/sv\/wp-json\/wp\/v2\/comments?post=2951"}],"wp:featuredmedia":[{"embeddable":true,"href":"https:\/\/difusoraromaterapia.com\/sv\/wp-json\/wp\/v2\/media\/2811"}],"wp:attachment":[{"href":"https:\/\/difusoraromaterapia.com\/sv\/wp-json\/wp\/v2\/media?parent=2951"}],"wp:term":[{"taxonomy":"product_brand","embeddable":true,"href":"https:\/\/difusoraromaterapia.com\/sv\/wp-json\/wp\/v2\/product_brand?post=2951"},{"taxonomy":"product_cat","embeddable":true,"href":"https:\/\/difusoraromaterapia.com\/sv\/wp-json\/wp\/v2\/product_cat?post=2951"},{"taxonomy":"product_tag","embeddable":true,"href":"https:\/\/difusoraromaterapia.com\/sv\/wp-json\/wp\/v2\/product_tag?post=2951"}],"curies":[{"name":"wp","href":"https:\/\/api.w.org\/{rel}","templated":true}]}}