{"id":2949,"date":"2024-11-28T16:09:56","date_gmt":"2024-11-28T16:09:56","guid":{"rendered":"https:\/\/difusoraromaterapia.com\/producto\/aidodo-diffuser-500-ml-med-7-farger-och-timer-for-aromaterapi\/"},"modified":"2024-11-28T16:09:57","modified_gmt":"2024-11-28T16:09:57","slug":"aidodo-diffuser-500-ml-med-7-farger-och-timer-for-aromaterapi","status":"publish","type":"product","link":"https:\/\/difusoraromaterapia.com\/sv\/aidodo-diffuser-500-ml-med-7-farger-och-timer-for-aromaterapi\/","title":{"rendered":"Aidodo Diffuser 500 ml med 7 f\u00e4rger och timer f\u00f6r aromaterapi"},"content":{"rendered":"<p>Uppt\u00e4ck Aidodo Diffuser f\u00f6r eteriska oljor, en m\u00e5ngsidig ultraljudsluftfuktare med en kapacitet p\u00e5 500 ml. Denna eleganta doftspridare skapar en avkopplande atmosf\u00e4r med kall \u00e5nga och erbjuder 7 f\u00e4rgade LED-lampor f\u00f6r en st\u00e4mningsfull belysning.<\/p>\n<p>Perfekt f\u00f6r hemmet, kontoret eller babyrummet, Aidodo Diffuser har fyra timerval som g\u00f6r det enkelt att anpassa anv\u00e4ndningen efter dina behov. Njut av f\u00f6rdelarna med aromaterapi och en fr\u00e4schare inomhusluft.<\/p>\n<p>Intresserad av att f\u00f6rb\u00e4ttra din milj\u00f6 med denna fantastiska diffuser? Klicka p\u00e5 knappen VER PRECIO f\u00f6r mer information och k\u00f6p idag!<\/p>\n<p><a href=\"https:\/\/www.amazon.se\/dp\/B0B6BYJWJ1?tag=sedif-21\" target=\"_blank\" rel=\"noopener\" class=\"boton-ver-precio\">K\u00f6p i butik<\/a><\/p>\n","protected":false},"excerpt":{"rendered":"<p>Uppt\u00e4ck Aidodo Diffuser f\u00f6r eteriska oljor, en m\u00e5ngsidig ultraljudsluftfuktare med en kapacitet p\u00e5 500 ml. Denna eleganta doftspridare skapar en avkopplande atmosf\u00e4r med kall \u00e5nga och erbjuder 7 f\u00e4rgade LED-lampor f\u00f6r en st\u00e4mningsfull belysning.<\/p>\n<p>Perfekt f\u00f6r hemmet, kontoret eller babyrummet, Aidodo Diffuser har fyra timerval som g\u00f6r det enkelt att anpassa anv\u00e4ndningen efter dina behov. Njut av f\u00f6rdelarna med aromaterapi och en fr\u00e4schare inomhusluft.<\/p>\n<p>Intresserad av att f\u00f6rb\u00e4ttra din milj\u00f6 med denna fantastiska diffuser? Klicka p\u00e5 knappen VER PRECIO f\u00f6r mer information och k\u00f6p idag!<\/p>\n<p><a href=\"https:\/\/www.amazon.se\/dp\/B0B6BYJWJ1?tag=sedif-21\" target=\"_blank\" rel=\"noopener\" class=\"boton-ver-precio\">Se pris i butik<\/a><\/p>\n","protected":false},"featured_media":2815,"comment_status":"closed","ping_status":"open","template":"","meta":{"_acf_changed":false},"product_brand":[],"product_cat":[106],"product_tag":[],"class_list":{"0":"post-2949","1":"product","2":"type-product","3":"status-publish","4":"has-post-thumbnail","6":"product_cat-elektriska","7":"sales-flash-overlay","8":"woocommerce-text-align-center","9":"woocommerce-image-align-center","10":"do-quantity-buttons","12":"first","13":"instock","14":"product-type-simple"},"acf":[],"_links":{"self":[{"href":"https:\/\/difusoraromaterapia.com\/sv\/wp-json\/wp\/v2\/product\/2949","targetHints":{"allow":["GET"]}}],"collection":[{"href":"https:\/\/difusoraromaterapia.com\/sv\/wp-json\/wp\/v2\/product"}],"about":[{"href":"https:\/\/difusoraromaterapia.com\/sv\/wp-json\/wp\/v2\/types\/product"}],"replies":[{"embeddable":true,"href":"https:\/\/difusoraromaterapia.com\/sv\/wp-json\/wp\/v2\/comments?post=2949"}],"wp:featuredmedia":[{"embeddable":true,"href":"https:\/\/difusoraromaterapia.com\/sv\/wp-json\/wp\/v2\/media\/2815"}],"wp:attachment":[{"href":"https:\/\/difusoraromaterapia.com\/sv\/wp-json\/wp\/v2\/media?parent=2949"}],"wp:term":[{"taxonomy":"product_brand","embeddable":true,"href":"https:\/\/difusoraromaterapia.com\/sv\/wp-json\/wp\/v2\/product_brand?post=2949"},{"taxonomy":"product_cat","embeddable":true,"href":"https:\/\/difusoraromaterapia.com\/sv\/wp-json\/wp\/v2\/product_cat?post=2949"},{"taxonomy":"product_tag","embeddable":true,"href":"https:\/\/difusoraromaterapia.com\/sv\/wp-json\/wp\/v2\/product_tag?post=2949"}],"curies":[{"name":"wp","href":"https:\/\/api.w.org\/{rel}","templated":true}]}}