{"id":2944,"date":"2024-11-28T16:09:50","date_gmt":"2024-11-28T16:09:50","guid":{"rendered":"https:\/\/difusoraromaterapia.com\/producto\/retoo-luftfuktare-aromadiffusor-med-led-ljus-och-150-ml\/"},"modified":"2024-11-28T16:09:54","modified_gmt":"2024-11-28T16:09:54","slug":"retoo-luftfuktare-aromadiffusor-med-led-ljus-och-150-ml","status":"publish","type":"product","link":"https:\/\/difusoraromaterapia.com\/sv\/retoo-luftfuktare-aromadiffusor-med-led-ljus-och-150-ml\/","title":{"rendered":"Retoo Luftfuktare Aromadiffusor med LED-ljus och 150 ml"},"content":{"rendered":"<p>Upplev en avkopplande atmosf\u00e4r med Retoo Luftfuktare aroma diffuser ultraljud. Den eleganta doftlampan sprider eteriska oljor med hj\u00e4lp av LED-ljus i olika f\u00e4rger, vilket skapar en harmonisk milj\u00f6 i ditt kontor, sovrum eller spa.<\/p>\n<p>Med en kapacitet p\u00e5 150 ml \u00e4r denna aromaterapi diffusor perfekt f\u00f6r att f\u00f6rb\u00e4ttra luften och skapa en lugnande st\u00e4mning. L\u00e5t Retoo hj\u00e4lpa dig att njuta av v\u00e4lbefinnande och harmoni genom doft och f\u00e4rg.<\/p>\n<p>\u00c4r du intresserad av att f\u00f6rvandla ditt hem? Tryck p\u00e5 knappen VER PRECIO f\u00f6r mer information och f\u00f6r att k\u00f6pa din Retoo Luftfuktare idag!<\/p>\n<p><a href=\"https:\/\/www.amazon.se\/dp\/B09NDKQBMH?tag=sedif-21\" target=\"_blank\" rel=\"noopener\" class=\"boton-ver-precio\">K\u00f6p i butik<\/a><\/p>\n","protected":false},"excerpt":{"rendered":"<p>Upplev en avkopplande atmosf\u00e4r med Retoo Luftfuktare aroma diffuser ultraljud. Den eleganta doftlampan sprider eteriska oljor med hj\u00e4lp av LED-ljus i olika f\u00e4rger, vilket skapar en harmonisk milj\u00f6 i ditt kontor, sovrum eller spa.<\/p>\n<p>Med en kapacitet p\u00e5 150 ml \u00e4r denna aromaterapi diffusor perfekt f\u00f6r att f\u00f6rb\u00e4ttra luften och skapa en lugnande st\u00e4mning. L\u00e5t Retoo hj\u00e4lpa dig att njuta av v\u00e4lbefinnande och harmoni genom doft och f\u00e4rg.<\/p>\n<p>\u00c4r du intresserad av att f\u00f6rvandla ditt hem? Tryck p\u00e5 knappen VER PRECIO f\u00f6r mer information och f\u00f6r att k\u00f6pa din Retoo Luftfuktare idag!<\/p>\n<p><a href=\"https:\/\/www.amazon.se\/dp\/B09NDKQBMH?tag=sedif-21\" target=\"_blank\" rel=\"noopener\" class=\"boton-ver-precio\">Se pris i butik<\/a><\/p>\n","protected":false},"featured_media":2316,"comment_status":"closed","ping_status":"open","template":"","meta":{"_acf_changed":false},"product_brand":[],"product_cat":[106],"product_tag":[],"class_list":{"0":"post-2944","1":"product","2":"type-product","3":"status-publish","4":"has-post-thumbnail","6":"product_cat-elektriska","7":"sales-flash-overlay","8":"woocommerce-text-align-center","9":"woocommerce-image-align-center","10":"do-quantity-buttons","12":"first","13":"instock","14":"product-type-simple"},"acf":[],"_links":{"self":[{"href":"https:\/\/difusoraromaterapia.com\/sv\/wp-json\/wp\/v2\/product\/2944","targetHints":{"allow":["GET"]}}],"collection":[{"href":"https:\/\/difusoraromaterapia.com\/sv\/wp-json\/wp\/v2\/product"}],"about":[{"href":"https:\/\/difusoraromaterapia.com\/sv\/wp-json\/wp\/v2\/types\/product"}],"replies":[{"embeddable":true,"href":"https:\/\/difusoraromaterapia.com\/sv\/wp-json\/wp\/v2\/comments?post=2944"}],"wp:featuredmedia":[{"embeddable":true,"href":"https:\/\/difusoraromaterapia.com\/sv\/wp-json\/wp\/v2\/media\/2316"}],"wp:attachment":[{"href":"https:\/\/difusoraromaterapia.com\/sv\/wp-json\/wp\/v2\/media?parent=2944"}],"wp:term":[{"taxonomy":"product_brand","embeddable":true,"href":"https:\/\/difusoraromaterapia.com\/sv\/wp-json\/wp\/v2\/product_brand?post=2944"},{"taxonomy":"product_cat","embeddable":true,"href":"https:\/\/difusoraromaterapia.com\/sv\/wp-json\/wp\/v2\/product_cat?post=2944"},{"taxonomy":"product_tag","embeddable":true,"href":"https:\/\/difusoraromaterapia.com\/sv\/wp-json\/wp\/v2\/product_tag?post=2944"}],"curies":[{"name":"wp","href":"https:\/\/api.w.org\/{rel}","templated":true}]}}