{"id":2939,"date":"2024-11-28T16:09:50","date_gmt":"2024-11-28T16:09:50","guid":{"rendered":"https:\/\/difusoraromaterapia.com\/producto\/aromspridare-i-tra-valnot-2-pack-for-eteriska-oljor-och-bil\/"},"modified":"2024-11-28T16:09:53","modified_gmt":"2024-11-28T16:09:53","slug":"aromspridare-i-tra-valnot-2-pack-for-eteriska-oljor-och-bil","status":"publish","type":"product","link":"https:\/\/difusoraromaterapia.com\/sv\/aromspridare-i-tra-valnot-2-pack-for-eteriska-oljor-och-bil\/","title":{"rendered":"Aromspridare i tr\u00e4 Valn\u00f6t 2-pack f\u00f6r eteriska oljor och bil"},"content":{"rendered":"<p>Uppt\u00e4ck v\u00e5ra 2 stycken aromspridare i tr\u00e4 av valn\u00f6t, perfekta f\u00f6r eteriska oljor och r\u00f6kelsepinnar. Denna mini b\u00e4rbara diffusorbox \u00e4r designad f\u00f6r att f\u00f6ra avslappning till ditt hem eller bil. Med HTM:s kvalitetsgaranti f\u00e5r du en stilren och effektiv aromaterapiupplevelse.<\/p>\n<p>Dessa diffusorer sprider en h\u00e4rlig doft och skapar en lugn atmosf\u00e4r, oavsett om du anv\u00e4nder dem i vardagsrummet eller p\u00e5 resan. Deras kompakta storlek g\u00f6r dem l\u00e4ttanv\u00e4nda och perfekta f\u00f6r att ta med sig \u00f6verallt. <\/p>\n<p>K\u00e4nn hur stressen sm\u00e4lter bort med varje anv\u00e4ndning. Om du \u00e4r intresserad av att f\u00f6rb\u00e4ttra din milj\u00f6 med dessa aromspridare, tryck p\u00e5 knappen VER PRISET f\u00f6r mer information och f\u00f6r att k\u00f6pa din idag!<\/p>\n<p><a href=\"https:\/\/www.amazon.se\/dp\/B0CZP2XVL9?tag=sedif-21\" target=\"_blank\" rel=\"noopener\" class=\"boton-ver-precio\">K\u00f6p i butik<\/a><\/p>\n","protected":false},"excerpt":{"rendered":"<p>Uppt\u00e4ck v\u00e5ra 2 stycken aromspridare i tr\u00e4 av valn\u00f6t, perfekta f\u00f6r eteriska oljor och r\u00f6kelsepinnar. Denna mini b\u00e4rbara diffusorbox \u00e4r designad f\u00f6r att f\u00f6ra avslappning till ditt hem eller bil. Med HTM:s kvalitetsgaranti f\u00e5r du en stilren och effektiv aromaterapiupplevelse.<\/p>\n<p>Dessa diffusorer sprider en h\u00e4rlig doft och skapar en lugn atmosf\u00e4r, oavsett om du anv\u00e4nder dem i vardagsrummet eller p\u00e5 resan. Deras kompakta storlek g\u00f6r dem l\u00e4ttanv\u00e4nda och perfekta f\u00f6r att ta med sig \u00f6verallt. <\/p>\n<p>K\u00e4nn hur stressen sm\u00e4lter bort med varje anv\u00e4ndning. Om du \u00e4r intresserad av att f\u00f6rb\u00e4ttra din milj\u00f6 med dessa aromspridare, tryck p\u00e5 knappen VER PRISET f\u00f6r mer information och f\u00f6r att k\u00f6pa din idag!<\/p>\n<p><a href=\"https:\/\/www.amazon.se\/dp\/B0CZP2XVL9?tag=sedif-21\" target=\"_blank\" rel=\"noopener\" class=\"boton-ver-precio\">Se pris i butik<\/a><\/p>\n","protected":false},"featured_media":2100,"comment_status":"closed","ping_status":"open","template":"","meta":{"_acf_changed":false},"product_brand":[],"product_cat":[108],"product_tag":[],"class_list":{"0":"post-2939","1":"product","2":"type-product","3":"status-publish","4":"has-post-thumbnail","6":"product_cat-utan-vatten","7":"sales-flash-overlay","8":"woocommerce-text-align-center","9":"woocommerce-image-align-center","10":"do-quantity-buttons","12":"first","13":"instock","14":"product-type-simple"},"acf":[],"_links":{"self":[{"href":"https:\/\/difusoraromaterapia.com\/sv\/wp-json\/wp\/v2\/product\/2939","targetHints":{"allow":["GET"]}}],"collection":[{"href":"https:\/\/difusoraromaterapia.com\/sv\/wp-json\/wp\/v2\/product"}],"about":[{"href":"https:\/\/difusoraromaterapia.com\/sv\/wp-json\/wp\/v2\/types\/product"}],"replies":[{"embeddable":true,"href":"https:\/\/difusoraromaterapia.com\/sv\/wp-json\/wp\/v2\/comments?post=2939"}],"wp:featuredmedia":[{"embeddable":true,"href":"https:\/\/difusoraromaterapia.com\/sv\/wp-json\/wp\/v2\/media\/2100"}],"wp:attachment":[{"href":"https:\/\/difusoraromaterapia.com\/sv\/wp-json\/wp\/v2\/media?parent=2939"}],"wp:term":[{"taxonomy":"product_brand","embeddable":true,"href":"https:\/\/difusoraromaterapia.com\/sv\/wp-json\/wp\/v2\/product_brand?post=2939"},{"taxonomy":"product_cat","embeddable":true,"href":"https:\/\/difusoraromaterapia.com\/sv\/wp-json\/wp\/v2\/product_cat?post=2939"},{"taxonomy":"product_tag","embeddable":true,"href":"https:\/\/difusoraromaterapia.com\/sv\/wp-json\/wp\/v2\/product_tag?post=2939"}],"curies":[{"name":"wp","href":"https:\/\/api.w.org\/{rel}","templated":true}]}}