{"id":2933,"date":"2024-11-28T16:09:50","date_gmt":"2024-11-28T16:09:50","guid":{"rendered":"https:\/\/difusoraromaterapia.com\/producto\/eterisk-olja-diffuser-med-ultraljud-for-aromterapi-och-fuktighet\/"},"modified":"2024-11-28T16:09:52","modified_gmt":"2024-11-28T16:09:52","slug":"eterisk-olja-diffuser-med-ultraljud-for-aromterapi-och-fuktighet","status":"publish","type":"product","link":"https:\/\/difusoraromaterapia.com\/sv\/eterisk-olja-diffuser-med-ultraljud-for-aromterapi-och-fuktighet\/","title":{"rendered":"Eterisk Olja Diffuser med Ultraljud f\u00f6r Aromterapi och Fuktighet"},"content":{"rendered":"<p>Utforska v\u00e5r Eterisk Olja Diffuser, en elegant och funktionell ljus ultrasonisk diffusor f\u00f6r aromterapi fr\u00e5n [M\u00e4rke]. Denna luftfuktare skapar en sval mist som sprider underbara eteriska oljor, vilket f\u00f6rb\u00e4ttrar b\u00e5de atmosf\u00e4ren och ditt v\u00e4lbefinnande.<\/p>\n<p>Med den ultraljudsteknologi som denna diffusor anv\u00e4nder, f\u00e5r du en tyst och effektiv upplevelse. Perfekt f\u00f6r hemmet, kontoret eller yogastudion, ger den en lugnande milj\u00f6 d\u00e4r du kan koppla av och \u00e5terh\u00e4mta dig.<\/p>\n<p>\u00c4r du intresserad av att uppgradera din aromaterapirutine? Klicka p\u00e5 knappen VER PRECIO f\u00f6r mer information och f\u00f6r att k\u00f6pa din egen Eterisk Olja Diffuser idag!<\/p>\n<p><a href=\"https:\/\/www.amazon.se\/dp\/B09MF1LC18?tag=sedif-21\" target=\"_blank\" rel=\"noopener\" class=\"boton-ver-precio\">K\u00f6p i butik<\/a><\/p>\n","protected":false},"excerpt":{"rendered":"<p>Utforska v\u00e5r Eterisk Olja Diffuser, en elegant och funktionell ljus ultrasonisk diffusor f\u00f6r aromterapi fr\u00e5n [M\u00e4rke]. Denna luftfuktare skapar en sval mist som sprider underbara eteriska oljor, vilket f\u00f6rb\u00e4ttrar b\u00e5de atmosf\u00e4ren och ditt v\u00e4lbefinnande.<\/p>\n<p>Med den ultraljudsteknologi som denna diffusor anv\u00e4nder, f\u00e5r du en tyst och effektiv upplevelse. Perfekt f\u00f6r hemmet, kontoret eller yogastudion, ger den en lugnande milj\u00f6 d\u00e4r du kan koppla av och \u00e5terh\u00e4mta dig.<\/p>\n<p>\u00c4r du intresserad av att uppgradera din aromaterapirutine? Klicka p\u00e5 knappen VER PRECIO f\u00f6r mer information och f\u00f6r att k\u00f6pa din egen Eterisk Olja Diffuser idag!<\/p>\n<p><a href=\"https:\/\/www.amazon.se\/dp\/B09MF1LC18?tag=sedif-21\" target=\"_blank\" rel=\"noopener\" class=\"boton-ver-precio\">Se pris i butik<\/a><\/p>\n","protected":false},"featured_media":2847,"comment_status":"closed","ping_status":"open","template":"","meta":{"_acf_changed":false},"product_brand":[],"product_cat":[106],"product_tag":[],"class_list":{"0":"post-2933","1":"product","2":"type-product","3":"status-publish","4":"has-post-thumbnail","6":"product_cat-elektriska","7":"sales-flash-overlay","8":"woocommerce-text-align-center","9":"woocommerce-image-align-center","10":"do-quantity-buttons","12":"first","13":"instock","14":"product-type-simple"},"acf":[],"_links":{"self":[{"href":"https:\/\/difusoraromaterapia.com\/sv\/wp-json\/wp\/v2\/product\/2933","targetHints":{"allow":["GET"]}}],"collection":[{"href":"https:\/\/difusoraromaterapia.com\/sv\/wp-json\/wp\/v2\/product"}],"about":[{"href":"https:\/\/difusoraromaterapia.com\/sv\/wp-json\/wp\/v2\/types\/product"}],"replies":[{"embeddable":true,"href":"https:\/\/difusoraromaterapia.com\/sv\/wp-json\/wp\/v2\/comments?post=2933"}],"wp:featuredmedia":[{"embeddable":true,"href":"https:\/\/difusoraromaterapia.com\/sv\/wp-json\/wp\/v2\/media\/2847"}],"wp:attachment":[{"href":"https:\/\/difusoraromaterapia.com\/sv\/wp-json\/wp\/v2\/media?parent=2933"}],"wp:term":[{"taxonomy":"product_brand","embeddable":true,"href":"https:\/\/difusoraromaterapia.com\/sv\/wp-json\/wp\/v2\/product_brand?post=2933"},{"taxonomy":"product_cat","embeddable":true,"href":"https:\/\/difusoraromaterapia.com\/sv\/wp-json\/wp\/v2\/product_cat?post=2933"},{"taxonomy":"product_tag","embeddable":true,"href":"https:\/\/difusoraromaterapia.com\/sv\/wp-json\/wp\/v2\/product_tag?post=2933"}],"curies":[{"name":"wp","href":"https:\/\/api.w.org\/{rel}","templated":true}]}}