{"id":2931,"date":"2024-11-28T16:09:50","date_gmt":"2024-11-28T16:09:50","guid":{"rendered":"https:\/\/difusoraromaterapia.com\/producto\/asakuki-500-ml-aromadiffusor-med-timer-och-led-ljusfarger\/"},"modified":"2024-11-28T16:09:51","modified_gmt":"2024-11-28T16:09:51","slug":"asakuki-500-ml-aromadiffusor-med-timer-och-led-ljusfarger","status":"publish","type":"product","link":"https:\/\/difusoraromaterapia.com\/sv\/asakuki-500-ml-aromadiffusor-med-timer-och-led-ljusfarger\/","title":{"rendered":"ASAKUKI 500 ml aromadiffusor med timer och LED-ljusf\u00e4rger"},"content":{"rendered":"<p>Uppt\u00e4ck ASAKUKI 500 ml aromadiffusor, perfekt f\u00f6r aromaterapi med ultraljudsdiffusor f\u00f6r eteriska oljor. Skapa en avkopplande atmosf\u00e4r med denna stilrena diffuser som ocks\u00e5 fungerar som luftfuktare och bidrar till en b\u00e4ttre inomhusmilj\u00f6.<\/p>\n<p>V\u00e5r ASAKUKI-diffusor har en smart timer-funktion och automatisk avst\u00e4ngning vid vattenfritt tillst\u00e5nd, vilket garanterar s\u00e4ker anv\u00e4ndning. Njut av 7 olika LED-ljusf\u00e4rger som s\u00e4tter st\u00e4mningen i ditt hem eller kontor.<\/p>\n<p>\u00c4r du intresserad av att ta din aromaterapi till n\u00e4sta niv\u00e5? Klicka p\u00e5 knappen f\u00f6r att VER PRECIO och f\u00e5 mer information samt k\u00f6pa din egen ASAKUKI 500 ml aromadiffusor idag!<\/p>\n<p><a href=\"https:\/\/www.amazon.se\/dp\/B07RYJS6CZ?tag=sedif-21\" target=\"_blank\" rel=\"noopener\" class=\"boton-ver-precio\">K\u00f6p i butik<\/a><\/p>\n","protected":false},"excerpt":{"rendered":"<p>Uppt\u00e4ck ASAKUKI 500 ml aromadiffusor, perfekt f\u00f6r aromaterapi med ultraljudsdiffusor f\u00f6r eteriska oljor. Skapa en avkopplande atmosf\u00e4r med denna stilrena diffuser som ocks\u00e5 fungerar som luftfuktare och bidrar till en b\u00e4ttre inomhusmilj\u00f6.<\/p>\n<p>V\u00e5r ASAKUKI-diffusor har en smart timer-funktion och automatisk avst\u00e4ngning vid vattenfritt tillst\u00e5nd, vilket garanterar s\u00e4ker anv\u00e4ndning. Njut av 7 olika LED-ljusf\u00e4rger som s\u00e4tter st\u00e4mningen i ditt hem eller kontor.<\/p>\n<p>\u00c4r du intresserad av att ta din aromaterapi till n\u00e4sta niv\u00e5? Klicka p\u00e5 knappen f\u00f6r att VER PRECIO och f\u00e5 mer information samt k\u00f6pa din egen ASAKUKI 500 ml aromadiffusor idag!<\/p>\n<p><a href=\"https:\/\/www.amazon.se\/dp\/B07RYJS6CZ?tag=sedif-21\" target=\"_blank\" rel=\"noopener\" class=\"boton-ver-precio\">Se pris i butik<\/a><\/p>\n","protected":false},"featured_media":2851,"comment_status":"closed","ping_status":"open","template":"","meta":{"_acf_changed":false},"product_brand":[],"product_cat":[106],"product_tag":[],"class_list":{"0":"post-2931","1":"product","2":"type-product","3":"status-publish","4":"has-post-thumbnail","6":"product_cat-elektriska","7":"sales-flash-overlay","8":"woocommerce-text-align-center","9":"woocommerce-image-align-center","10":"do-quantity-buttons","12":"first","13":"instock","14":"product-type-simple"},"acf":[],"_links":{"self":[{"href":"https:\/\/difusoraromaterapia.com\/sv\/wp-json\/wp\/v2\/product\/2931","targetHints":{"allow":["GET"]}}],"collection":[{"href":"https:\/\/difusoraromaterapia.com\/sv\/wp-json\/wp\/v2\/product"}],"about":[{"href":"https:\/\/difusoraromaterapia.com\/sv\/wp-json\/wp\/v2\/types\/product"}],"replies":[{"embeddable":true,"href":"https:\/\/difusoraromaterapia.com\/sv\/wp-json\/wp\/v2\/comments?post=2931"}],"wp:featuredmedia":[{"embeddable":true,"href":"https:\/\/difusoraromaterapia.com\/sv\/wp-json\/wp\/v2\/media\/2851"}],"wp:attachment":[{"href":"https:\/\/difusoraromaterapia.com\/sv\/wp-json\/wp\/v2\/media?parent=2931"}],"wp:term":[{"taxonomy":"product_brand","embeddable":true,"href":"https:\/\/difusoraromaterapia.com\/sv\/wp-json\/wp\/v2\/product_brand?post=2931"},{"taxonomy":"product_cat","embeddable":true,"href":"https:\/\/difusoraromaterapia.com\/sv\/wp-json\/wp\/v2\/product_cat?post=2931"},{"taxonomy":"product_tag","embeddable":true,"href":"https:\/\/difusoraromaterapia.com\/sv\/wp-json\/wp\/v2\/product_tag?post=2931"}],"curies":[{"name":"wp","href":"https:\/\/api.w.org\/{rel}","templated":true}]}}