{"id":2929,"date":"2024-11-28T16:09:50","date_gmt":"2024-11-28T16:09:50","guid":{"rendered":"https:\/\/difusoraromaterapia.com\/producto\/diffusor-av-svart-valnot-for-eterisk-olja-aromaterapi-for-sovrum\/"},"modified":"2024-11-28T16:09:51","modified_gmt":"2024-11-28T16:09:51","slug":"diffusor-av-svart-valnot-for-eterisk-olja-aromaterapi-for-sovrum","status":"publish","type":"product","link":"https:\/\/difusoraromaterapia.com\/sv\/diffusor-av-svart-valnot-for-eterisk-olja-aromaterapi-for-sovrum\/","title":{"rendered":"Diffusor av svart valn\u00f6t f\u00f6r eterisk olja &#8211; aromaterapi f\u00f6r sovrum"},"content":{"rendered":"<p>Upplev harmoni med v\u00e5r diffusor f\u00f6r eterisk olja i exklusiv svart valn\u00f6t. Denna stiliga tr\u00e4diffusor, perfekt f\u00f6r sovrum och meditation, sprider lugnande aromer och skapar en avkopplande atmosf\u00e4r. <\/p>\n<p>Med ett elegant design och h\u00f6g funktionalitet fr\u00e5n [varum\u00e4rke] f\u00e5r du en optimal aromaterapiupplevelse. Perfekt f\u00f6r att anv\u00e4nda med dina favorit aromoljor och skapa ditt eget lugna utrymme. <\/p>\n<p>Vill du veta mer? Tryck p\u00e5 knappen VER PRIS f\u00f6r mer information och k\u00f6p idag!<\/p>\n<p><a href=\"https:\/\/www.amazon.se\/dp\/B0C5DZK9JC?tag=sedif-21\" target=\"_blank\" rel=\"noopener\" class=\"boton-ver-precio\">K\u00f6p i butik<\/a><\/p>\n","protected":false},"excerpt":{"rendered":"<p>Upplev harmoni med v\u00e5r diffusor f\u00f6r eterisk olja i exklusiv svart valn\u00f6t. Denna stiliga tr\u00e4diffusor, perfekt f\u00f6r sovrum och meditation, sprider lugnande aromer och skapar en avkopplande atmosf\u00e4r. <\/p>\n<p>Med ett elegant design och h\u00f6g funktionalitet fr\u00e5n [varum\u00e4rke] f\u00e5r du en optimal aromaterapiupplevelse. Perfekt f\u00f6r att anv\u00e4nda med dina favorit aromoljor och skapa ditt eget lugna utrymme. <\/p>\n<p>Vill du veta mer? Tryck p\u00e5 knappen VER PRIS f\u00f6r mer information och k\u00f6p idag!<\/p>\n<p><a href=\"https:\/\/www.amazon.se\/dp\/B0C5DZK9JC?tag=sedif-21\" target=\"_blank\" rel=\"noopener\" class=\"boton-ver-precio\">Se pris i butik<\/a><\/p>\n","protected":false},"featured_media":1998,"comment_status":"closed","ping_status":"open","template":"","meta":{"_acf_changed":false},"product_brand":[],"product_cat":[106],"product_tag":[],"class_list":{"0":"post-2929","1":"product","2":"type-product","3":"status-publish","4":"has-post-thumbnail","6":"product_cat-elektriska","7":"sales-flash-overlay","8":"woocommerce-text-align-center","9":"woocommerce-image-align-center","10":"do-quantity-buttons","12":"first","13":"instock","14":"product-type-simple"},"acf":[],"_links":{"self":[{"href":"https:\/\/difusoraromaterapia.com\/sv\/wp-json\/wp\/v2\/product\/2929","targetHints":{"allow":["GET"]}}],"collection":[{"href":"https:\/\/difusoraromaterapia.com\/sv\/wp-json\/wp\/v2\/product"}],"about":[{"href":"https:\/\/difusoraromaterapia.com\/sv\/wp-json\/wp\/v2\/types\/product"}],"replies":[{"embeddable":true,"href":"https:\/\/difusoraromaterapia.com\/sv\/wp-json\/wp\/v2\/comments?post=2929"}],"wp:featuredmedia":[{"embeddable":true,"href":"https:\/\/difusoraromaterapia.com\/sv\/wp-json\/wp\/v2\/media\/1998"}],"wp:attachment":[{"href":"https:\/\/difusoraromaterapia.com\/sv\/wp-json\/wp\/v2\/media?parent=2929"}],"wp:term":[{"taxonomy":"product_brand","embeddable":true,"href":"https:\/\/difusoraromaterapia.com\/sv\/wp-json\/wp\/v2\/product_brand?post=2929"},{"taxonomy":"product_cat","embeddable":true,"href":"https:\/\/difusoraromaterapia.com\/sv\/wp-json\/wp\/v2\/product_cat?post=2929"},{"taxonomy":"product_tag","embeddable":true,"href":"https:\/\/difusoraromaterapia.com\/sv\/wp-json\/wp\/v2\/product_tag?post=2929"}],"curies":[{"name":"wp","href":"https:\/\/api.w.org\/{rel}","templated":true}]}}