{"id":2925,"date":"2024-11-28T16:09:50","date_gmt":"2024-11-28T16:09:50","guid":{"rendered":"https:\/\/difusoraromaterapia.com\/producto\/ciny-3d-mini-aromadiffusor-100ml-med-led-lampor-7-farger\/"},"modified":"2024-11-28T16:09:50","modified_gmt":"2024-11-28T16:09:50","slug":"ciny-3d-mini-aromadiffusor-100ml-med-led-lampor-7-farger","status":"publish","type":"product","link":"https:\/\/difusoraromaterapia.com\/sv\/ciny-3d-mini-aromadiffusor-100ml-med-led-lampor-7-farger\/","title":{"rendered":"CINY 3D Mini Aromadiffusor 100ML med LED-lampor 7 f\u00e4rger"},"content":{"rendered":"<p>Uppt\u00e4ck CINY Aromaterapi eterisk oljediffusor, en elegant 100ML 3D Mini Aroma Diffuser som f\u00f6rvandlar ditt hem eller kontor. Med sin vackra design och 7 f\u00e4rger LED-lampor skapar den en lugn och avkopplande atmosf\u00e4r, perfekt f\u00f6r yoga, SPA eller kv\u00e4llsbruk.<\/p>\n<p>Denna luftfuktare fungerar utan automatisk st\u00e4ngning av vatten, vilket g\u00f6r att du kan njuta av dofterna l\u00e4ngre. CINY:s diffuser sprider eteriska oljor effektivt och hj\u00e4lper till att skapa ett harmoniskt utrymme d\u00e4r du kan slappna av och \u00e5terh\u00e4mta dig.<\/p>\n<p>Vill du f\u00f6rvandla din milj\u00f6 med underbara dofter och vacker belysning? Tryck p\u00e5 knappen VER PRECIO f\u00f6r mer information och f\u00f6r att k\u00f6pa din egen CINY Aromaterapi eterisk oljediffusor idag!<\/p>\n<p><a href=\"https:\/\/www.amazon.se\/dp\/B093WX49J6?tag=sedif-21\" target=\"_blank\" rel=\"noopener\" class=\"boton-ver-precio\">K\u00f6p i butik<\/a><\/p>\n","protected":false},"excerpt":{"rendered":"<p>Uppt\u00e4ck CINY Aromaterapi eterisk oljediffusor, en elegant 100ML 3D Mini Aroma Diffuser som f\u00f6rvandlar ditt hem eller kontor. Med sin vackra design och 7 f\u00e4rger LED-lampor skapar den en lugn och avkopplande atmosf\u00e4r, perfekt f\u00f6r yoga, SPA eller kv\u00e4llsbruk.<\/p>\n<p>Denna luftfuktare fungerar utan automatisk st\u00e4ngning av vatten, vilket g\u00f6r att du kan njuta av dofterna l\u00e4ngre. CINY:s diffuser sprider eteriska oljor effektivt och hj\u00e4lper till att skapa ett harmoniskt utrymme d\u00e4r du kan slappna av och \u00e5terh\u00e4mta dig.<\/p>\n<p>Vill du f\u00f6rvandla din milj\u00f6 med underbara dofter och vacker belysning? Tryck p\u00e5 knappen VER PRECIO f\u00f6r mer information och f\u00f6r att k\u00f6pa din egen CINY Aromaterapi eterisk oljediffusor idag!<\/p>\n<p><a href=\"https:\/\/www.amazon.se\/dp\/B093WX49J6?tag=sedif-21\" target=\"_blank\" rel=\"noopener\" class=\"boton-ver-precio\">Se pris i butik<\/a><\/p>\n","protected":false},"featured_media":2376,"comment_status":"closed","ping_status":"open","template":"","meta":{"_acf_changed":false},"product_brand":[],"product_cat":[106],"product_tag":[],"class_list":{"0":"post-2925","1":"product","2":"type-product","3":"status-publish","4":"has-post-thumbnail","6":"product_cat-elektriska","7":"sales-flash-overlay","8":"woocommerce-text-align-center","9":"woocommerce-image-align-center","10":"do-quantity-buttons","12":"first","13":"instock","14":"product-type-simple"},"acf":[],"_links":{"self":[{"href":"https:\/\/difusoraromaterapia.com\/sv\/wp-json\/wp\/v2\/product\/2925","targetHints":{"allow":["GET"]}}],"collection":[{"href":"https:\/\/difusoraromaterapia.com\/sv\/wp-json\/wp\/v2\/product"}],"about":[{"href":"https:\/\/difusoraromaterapia.com\/sv\/wp-json\/wp\/v2\/types\/product"}],"replies":[{"embeddable":true,"href":"https:\/\/difusoraromaterapia.com\/sv\/wp-json\/wp\/v2\/comments?post=2925"}],"wp:featuredmedia":[{"embeddable":true,"href":"https:\/\/difusoraromaterapia.com\/sv\/wp-json\/wp\/v2\/media\/2376"}],"wp:attachment":[{"href":"https:\/\/difusoraromaterapia.com\/sv\/wp-json\/wp\/v2\/media?parent=2925"}],"wp:term":[{"taxonomy":"product_brand","embeddable":true,"href":"https:\/\/difusoraromaterapia.com\/sv\/wp-json\/wp\/v2\/product_brand?post=2925"},{"taxonomy":"product_cat","embeddable":true,"href":"https:\/\/difusoraromaterapia.com\/sv\/wp-json\/wp\/v2\/product_cat?post=2925"},{"taxonomy":"product_tag","embeddable":true,"href":"https:\/\/difusoraromaterapia.com\/sv\/wp-json\/wp\/v2\/product_tag?post=2925"}],"curies":[{"name":"wp","href":"https:\/\/api.w.org\/{rel}","templated":true}]}}