{"id":2916,"date":"2024-11-28T16:09:43","date_gmt":"2024-11-28T16:09:43","guid":{"rendered":"https:\/\/difusoraromaterapia.com\/producto\/cajeput-eterisk-olja-50ml-100-ren-melaleuca-cajuputi\/"},"modified":"2024-11-28T16:09:46","modified_gmt":"2024-11-28T16:09:46","slug":"cajeput-eterisk-olja-50ml-100-ren-melaleuca-cajuputi","status":"publish","type":"product","link":"https:\/\/difusoraromaterapia.com\/sv\/cajeput-eterisk-olja-50ml-100-ren-melaleuca-cajuputi\/","title":{"rendered":"Cajeput Eterisk Olja 50ml &#8211; 100% Ren Melaleuca Cajuputi"},"content":{"rendered":"<p>Cajeput Eterisk Olja 50ml fr\u00e5n Melaleuca Cajuputi \u00e4r en 100% ren cajeputolja perfekt f\u00f6r aromaterapi. Dess uppfriskande doft skapar en lugn atmosf\u00e4r, vilket g\u00f6r den idealisk f\u00f6r anv\u00e4ndning i diffusorer och vid hemst\u00e4dning.<\/p>\n<p>Denna eteriska olja \u00e4r k\u00e4nd f\u00f6r sina hudv\u00e5rdande egenskaper och kan anv\u00e4ndas f\u00f6r att ge n\u00e4ring \u00e5t din hud och kropp. Oavsett om du slappnar av efter en l\u00e5ng dag eller vill fr\u00e4scha upp ditt hemmakontor, \u00e4r cajeputoljan ett utm\u00e4rkt val.<\/p>\n<p>Uppt\u00e4ck de m\u00e5nga f\u00f6rdelarna med Cajeput Eterisk Olja! Om du \u00e4r intresserad av att k\u00f6pa eller vill ha mer information, tryck p\u00e5 knappen VER PRECIO.<\/p>\n<p><a href=\"https:\/\/www.amazon.se\/dp\/B087RQR23R?tag=sedif-21\" target=\"_blank\" rel=\"noopener\" class=\"boton-ver-precio\">K\u00f6p i butik<\/a><\/p>\n","protected":false},"excerpt":{"rendered":"<p>Cajeput Eterisk Olja 50ml fr\u00e5n Melaleuca Cajuputi \u00e4r en 100% ren cajeputolja perfekt f\u00f6r aromaterapi. Dess uppfriskande doft skapar en lugn atmosf\u00e4r, vilket g\u00f6r den idealisk f\u00f6r anv\u00e4ndning i diffusorer och vid hemst\u00e4dning.<\/p>\n<p>Denna eteriska olja \u00e4r k\u00e4nd f\u00f6r sina hudv\u00e5rdande egenskaper och kan anv\u00e4ndas f\u00f6r att ge n\u00e4ring \u00e5t din hud och kropp. Oavsett om du slappnar av efter en l\u00e5ng dag eller vill fr\u00e4scha upp ditt hemmakontor, \u00e4r cajeputoljan ett utm\u00e4rkt val.<\/p>\n<p>Uppt\u00e4ck de m\u00e5nga f\u00f6rdelarna med Cajeput Eterisk Olja! Om du \u00e4r intresserad av att k\u00f6pa eller vill ha mer information, tryck p\u00e5 knappen VER PRECIO.<\/p>\n<p><a href=\"https:\/\/www.amazon.se\/dp\/B087RQR23R?tag=sedif-21\" target=\"_blank\" rel=\"noopener\" class=\"boton-ver-precio\">Se pris i butik<\/a><\/p>\n","protected":false},"featured_media":2881,"comment_status":"closed","ping_status":"open","template":"","meta":{"_acf_changed":false},"product_brand":[],"product_cat":[107],"product_tag":[],"class_list":{"0":"post-2916","1":"product","2":"type-product","3":"status-publish","4":"has-post-thumbnail","6":"product_cat-eteriska-oljor","7":"sales-flash-overlay","8":"woocommerce-text-align-center","9":"woocommerce-image-align-center","10":"do-quantity-buttons","12":"first","13":"instock","14":"product-type-simple"},"acf":[],"_links":{"self":[{"href":"https:\/\/difusoraromaterapia.com\/sv\/wp-json\/wp\/v2\/product\/2916","targetHints":{"allow":["GET"]}}],"collection":[{"href":"https:\/\/difusoraromaterapia.com\/sv\/wp-json\/wp\/v2\/product"}],"about":[{"href":"https:\/\/difusoraromaterapia.com\/sv\/wp-json\/wp\/v2\/types\/product"}],"replies":[{"embeddable":true,"href":"https:\/\/difusoraromaterapia.com\/sv\/wp-json\/wp\/v2\/comments?post=2916"}],"wp:featuredmedia":[{"embeddable":true,"href":"https:\/\/difusoraromaterapia.com\/sv\/wp-json\/wp\/v2\/media\/2881"}],"wp:attachment":[{"href":"https:\/\/difusoraromaterapia.com\/sv\/wp-json\/wp\/v2\/media?parent=2916"}],"wp:term":[{"taxonomy":"product_brand","embeddable":true,"href":"https:\/\/difusoraromaterapia.com\/sv\/wp-json\/wp\/v2\/product_brand?post=2916"},{"taxonomy":"product_cat","embeddable":true,"href":"https:\/\/difusoraromaterapia.com\/sv\/wp-json\/wp\/v2\/product_cat?post=2916"},{"taxonomy":"product_tag","embeddable":true,"href":"https:\/\/difusoraromaterapia.com\/sv\/wp-json\/wp\/v2\/product_tag?post=2916"}],"curies":[{"name":"wp","href":"https:\/\/api.w.org\/{rel}","templated":true}]}}