{"id":2910,"date":"2024-11-28T16:09:43","date_gmt":"2024-11-28T16:09:43","guid":{"rendered":"https:\/\/difusoraromaterapia.com\/producto\/acwoo-aromaterapi-diffusor-med-6-eteriska-oljor-och-fjarrkontroll\/"},"modified":"2024-11-28T16:09:45","modified_gmt":"2024-11-28T16:09:45","slug":"acwoo-aromaterapi-diffusor-med-6-eteriska-oljor-och-fjarrkontroll","status":"publish","type":"product","link":"https:\/\/difusoraromaterapia.com\/sv\/acwoo-aromaterapi-diffusor-med-6-eteriska-oljor-och-fjarrkontroll\/","title":{"rendered":"ACWOO aromaterapi diffusor med 6 eteriska oljor och fj\u00e4rrkontroll"},"content":{"rendered":"<p>Uppt\u00e4ck ACWOO aromaterapi diffusor, en ultraljudsdoftspridare som f\u00f6renar avkoppling och funktionalitet. Med 6 x 10 ml eteriska oljor skapar den en behaglig atmosf\u00e4r i ditt sovrum, kontor, yoga- eller spa-utrymme. <\/p>\n<p>Den ultratysta nebulisatorn fungerar som en luftfuktare och \u00e4r perfekt f\u00f6r daglig anv\u00e4ndning. Med fj\u00e4rrkontroll och 7 LED-f\u00e4rger kan du anpassa din milj\u00f6 efter hum\u00f6r och behov. Timer-funktionen och den automatiska avst\u00e4ngningen utan vatten erbjuder extra komfort och s\u00e4kerhet.<\/p>\n<p>G\u00f6r din milj\u00f6 mer harmonisk med ACWOO. Om du \u00e4r intresserad, tryck p\u00e5 knappen VER PRECIO f\u00f6r mer information och k\u00f6p din egen aromaterapiupplevelse idag!<\/p>\n<p><a href=\"https:\/\/www.amazon.se\/dp\/B09T9TPTJP?tag=sedif-21\" target=\"_blank\" rel=\"noopener\" class=\"boton-ver-precio\">K\u00f6p i butik<\/a><\/p>\n","protected":false},"excerpt":{"rendered":"<p>Uppt\u00e4ck ACWOO aromaterapi diffusor, en ultraljudsdoftspridare som f\u00f6renar avkoppling och funktionalitet. Med 6 x 10 ml eteriska oljor skapar den en behaglig atmosf\u00e4r i ditt sovrum, kontor, yoga- eller spa-utrymme. <\/p>\n<p>Den ultratysta nebulisatorn fungerar som en luftfuktare och \u00e4r perfekt f\u00f6r daglig anv\u00e4ndning. Med fj\u00e4rrkontroll och 7 LED-f\u00e4rger kan du anpassa din milj\u00f6 efter hum\u00f6r och behov. Timer-funktionen och den automatiska avst\u00e4ngningen utan vatten erbjuder extra komfort och s\u00e4kerhet.<\/p>\n<p>G\u00f6r din milj\u00f6 mer harmonisk med ACWOO. Om du \u00e4r intresserad, tryck p\u00e5 knappen VER PRECIO f\u00f6r mer information och k\u00f6p din egen aromaterapiupplevelse idag!<\/p>\n<p><a href=\"https:\/\/www.amazon.se\/dp\/B09T9TPTJP?tag=sedif-21\" target=\"_blank\" rel=\"noopener\" class=\"boton-ver-precio\">Se pris i butik<\/a><\/p>\n","protected":false},"featured_media":2893,"comment_status":"closed","ping_status":"open","template":"","meta":{"_acf_changed":false},"product_brand":[],"product_cat":[106],"product_tag":[],"class_list":{"0":"post-2910","1":"product","2":"type-product","3":"status-publish","4":"has-post-thumbnail","6":"product_cat-elektriska","7":"sales-flash-overlay","8":"woocommerce-text-align-center","9":"woocommerce-image-align-center","10":"do-quantity-buttons","12":"first","13":"instock","14":"product-type-simple"},"acf":[],"_links":{"self":[{"href":"https:\/\/difusoraromaterapia.com\/sv\/wp-json\/wp\/v2\/product\/2910","targetHints":{"allow":["GET"]}}],"collection":[{"href":"https:\/\/difusoraromaterapia.com\/sv\/wp-json\/wp\/v2\/product"}],"about":[{"href":"https:\/\/difusoraromaterapia.com\/sv\/wp-json\/wp\/v2\/types\/product"}],"replies":[{"embeddable":true,"href":"https:\/\/difusoraromaterapia.com\/sv\/wp-json\/wp\/v2\/comments?post=2910"}],"wp:featuredmedia":[{"embeddable":true,"href":"https:\/\/difusoraromaterapia.com\/sv\/wp-json\/wp\/v2\/media\/2893"}],"wp:attachment":[{"href":"https:\/\/difusoraromaterapia.com\/sv\/wp-json\/wp\/v2\/media?parent=2910"}],"wp:term":[{"taxonomy":"product_brand","embeddable":true,"href":"https:\/\/difusoraromaterapia.com\/sv\/wp-json\/wp\/v2\/product_brand?post=2910"},{"taxonomy":"product_cat","embeddable":true,"href":"https:\/\/difusoraromaterapia.com\/sv\/wp-json\/wp\/v2\/product_cat?post=2910"},{"taxonomy":"product_tag","embeddable":true,"href":"https:\/\/difusoraromaterapia.com\/sv\/wp-json\/wp\/v2\/product_tag?post=2910"}],"curies":[{"name":"wp","href":"https:\/\/api.w.org\/{rel}","templated":true}]}}