{"id":2905,"date":"2024-11-28T16:09:43","date_gmt":"2024-11-28T16:09:43","guid":{"rendered":"https:\/\/difusoraromaterapia.com\/producto\/lag-effekt-aromaterapi-diffuser-180-ml-med-simulering-flame\/"},"modified":"2024-11-28T16:09:44","modified_gmt":"2024-11-28T16:09:44","slug":"lag-effekt-aromaterapi-diffuser-180-ml-med-simulering-flame","status":"publish","type":"product","link":"https:\/\/difusoraromaterapia.com\/sv\/producto\/lag-effekt-aromaterapi-diffuser-180-ml-med-simulering-flame\/","title":{"rendered":"L\u00e5g Effekt Aromaterapi Diffuser 180 ml med Simulering Flame"},"content":{"rendered":"<p>Upplev lugn och balans med v\u00e5r Doftspridare med l\u00e5g Effekt. Den h\u00e4r stiliga aromaterapi diffusorn p\u00e5 180 ml erbjuder en simulering av flammeffekter som skapar en avkopplande atmosf\u00e4r i ditt hem. Perfekt f\u00f6r att sprida eteriska oljor och skapa en harmonisk milj\u00f6.<\/p>\n<p>V\u00e5r Aromaterapi diffuser \u00e4r designad f\u00f6r att enkelt tills\u00e4tta eterisk aromolja och ge dig en unik och sensorisk upplevelse. Med sin svarta finish passar den in i alla inredningar och ger en touch av elegans samtidigt som den sprider h\u00e4rliga dofter.<\/p>\n<p>\u00c4r du intresserad av att f\u00f6rb\u00e4ttra din milj\u00f6 med aromaterapi? Klicka p\u00e5 VER PRISET f\u00f6r mer information och f\u00f6r att k\u00f6pa denna fantastiska diffuser!<\/p>\n<p><a href=\"https:\/\/www.amazon.se\/dp\/B09NN6ZW99?tag=sedif-21\" target=\"_blank\" rel=\"noopener\" class=\"boton-ver-precio\">K\u00f6p i butik<\/a><\/p>\n","protected":false},"excerpt":{"rendered":"<p>Upplev lugn och balans med v\u00e5r Doftspridare med l\u00e5g Effekt. Den h\u00e4r stiliga aromaterapi diffusorn p\u00e5 180 ml erbjuder en simulering av flammeffekter som skapar en avkopplande atmosf\u00e4r i ditt hem. Perfekt f\u00f6r att sprida eteriska oljor och skapa en harmonisk milj\u00f6.<\/p>\n<p>V\u00e5r Aromaterapi diffuser \u00e4r designad f\u00f6r att enkelt tills\u00e4tta eterisk aromolja och ge dig en unik och sensorisk upplevelse. Med sin svarta finish passar den in i alla inredningar och ger en touch av elegans samtidigt som den sprider h\u00e4rliga dofter.<\/p>\n<p>\u00c4r du intresserad av att f\u00f6rb\u00e4ttra din milj\u00f6 med aromaterapi? Klicka p\u00e5 VER PRISET f\u00f6r mer information och f\u00f6r att k\u00f6pa denna fantastiska diffuser!<\/p>\n<p><a href=\"https:\/\/www.amazon.se\/dp\/B09NN6ZW99?tag=sedif-21\" target=\"_blank\" rel=\"noopener\" class=\"boton-ver-precio\">Se pris i butik<\/a><\/p>\n","protected":false},"featured_media":2903,"comment_status":"closed","ping_status":"open","template":"","meta":{"_acf_changed":false},"product_brand":[],"product_cat":[106],"product_tag":[],"class_list":{"0":"post-2905","1":"product","2":"type-product","3":"status-publish","4":"has-post-thumbnail","6":"product_cat-elektriska","7":"sales-flash-overlay","8":"woocommerce-text-align-center","9":"woocommerce-image-align-center","10":"do-quantity-buttons","12":"first","13":"instock","14":"product-type-simple"},"acf":[],"_links":{"self":[{"href":"https:\/\/difusoraromaterapia.com\/sv\/wp-json\/wp\/v2\/product\/2905","targetHints":{"allow":["GET"]}}],"collection":[{"href":"https:\/\/difusoraromaterapia.com\/sv\/wp-json\/wp\/v2\/product"}],"about":[{"href":"https:\/\/difusoraromaterapia.com\/sv\/wp-json\/wp\/v2\/types\/product"}],"replies":[{"embeddable":true,"href":"https:\/\/difusoraromaterapia.com\/sv\/wp-json\/wp\/v2\/comments?post=2905"}],"wp:featuredmedia":[{"embeddable":true,"href":"https:\/\/difusoraromaterapia.com\/sv\/wp-json\/wp\/v2\/media\/2903"}],"wp:attachment":[{"href":"https:\/\/difusoraromaterapia.com\/sv\/wp-json\/wp\/v2\/media?parent=2905"}],"wp:term":[{"taxonomy":"product_brand","embeddable":true,"href":"https:\/\/difusoraromaterapia.com\/sv\/wp-json\/wp\/v2\/product_brand?post=2905"},{"taxonomy":"product_cat","embeddable":true,"href":"https:\/\/difusoraromaterapia.com\/sv\/wp-json\/wp\/v2\/product_cat?post=2905"},{"taxonomy":"product_tag","embeddable":true,"href":"https:\/\/difusoraromaterapia.com\/sv\/wp-json\/wp\/v2\/product_tag?post=2905"}],"curies":[{"name":"wp","href":"https:\/\/api.w.org\/{rel}","templated":true}]}}