{"id":1788,"date":"2024-11-27T15:01:22","date_gmt":"2024-11-27T15:01:22","guid":{"rendered":"https:\/\/difusoraromaterapia.com\/producto\/salking-100ml-difusor-de-aceites-esenciales-pequeno-difusor-de-aromaterapia-con-8-colores-humidificador-con-luces-blancas-calidas-luz-de-noche-para-bebes-difusor-ultrasonico-para-casa\/"},"modified":"2024-11-27T15:01:23","modified_gmt":"2024-11-27T15:01:23","slug":"salking-100ml-difusor-de-aceites-esenciales-pequeno-difusor-de-aromaterapia-con-8-colores-humidificador-con-luces-blancas-calidas-luz-de-noche-para-bebes-difusor-ultrasonico-para-casa","status":"publish","type":"product","link":"https:\/\/difusoraromaterapia.com\/sv\/producto\/salking-100ml-difusor-de-aceites-esenciales-pequeno-difusor-de-aromaterapia-con-8-colores-humidificador-con-luces-blancas-calidas-luz-de-noche-para-bebes-difusor-ultrasonico-para-casa\/","title":{"rendered":"SALKING 100ml Difusor de Aceites Esenciales, Peque\u00f1o Difusor de Aromaterapia con 8 Colores, Humidificador con Luces Blancas C\u00e1lidas, Luz de noche para beb\u00e9s, Difusor Ultrasonico para Casa"},"content":{"rendered":"<p>B0CMHNPB6D<\/p>\n","protected":false},"excerpt":{"rendered":"<p>B0CMHNPB6D<\/p>\n","protected":false},"featured_media":0,"comment_status":"closed","ping_status":"open","template":"","meta":{"_acf_changed":false},"product_brand":[],"product_cat":[53],"product_tag":[],"class_list":{"0":"post-1788","1":"product","2":"type-product","3":"status-publish","5":"product_cat-sin-categoria","6":"sales-flash-overlay","7":"woocommerce-text-align-center","8":"woocommerce-image-align-center","9":"do-quantity-buttons","11":"first","12":"instock","13":"product-type-simple"},"acf":[],"_links":{"self":[{"href":"https:\/\/difusoraromaterapia.com\/sv\/wp-json\/wp\/v2\/product\/1788","targetHints":{"allow":["GET"]}}],"collection":[{"href":"https:\/\/difusoraromaterapia.com\/sv\/wp-json\/wp\/v2\/product"}],"about":[{"href":"https:\/\/difusoraromaterapia.com\/sv\/wp-json\/wp\/v2\/types\/product"}],"replies":[{"embeddable":true,"href":"https:\/\/difusoraromaterapia.com\/sv\/wp-json\/wp\/v2\/comments?post=1788"}],"wp:attachment":[{"href":"https:\/\/difusoraromaterapia.com\/sv\/wp-json\/wp\/v2\/media?parent=1788"}],"wp:term":[{"taxonomy":"product_brand","embeddable":true,"href":"https:\/\/difusoraromaterapia.com\/sv\/wp-json\/wp\/v2\/product_brand?post=1788"},{"taxonomy":"product_cat","embeddable":true,"href":"https:\/\/difusoraromaterapia.com\/sv\/wp-json\/wp\/v2\/product_cat?post=1788"},{"taxonomy":"product_tag","embeddable":true,"href":"https:\/\/difusoraromaterapia.com\/sv\/wp-json\/wp\/v2\/product_tag?post=1788"}],"curies":[{"name":"wp","href":"https:\/\/api.w.org\/{rel}","templated":true}]}}